{"id":2826,"date":"2025-10-03T10:07:58","date_gmt":"2025-10-03T10:07:58","guid":{"rendered":"https:\/\/etys.es\/index.php\/patrocinio-de-alonso-garcia-duplicada\/"},"modified":"2025-11-18T11:07:26","modified_gmt":"2025-11-18T11:07:26","slug":"patrocinio-de-balonmano-caserio","status":"publish","type":"page","link":"https:\/\/etys.es\/index.php\/patrocinio-de-balonmano-caserio\/","title":{"rendered":"Patrocinio de Balonmano Caser\u00edo"},"content":{"rendered":"\t\t<div data-elementor-type=\"wp-page\" data-elementor-id=\"2826\" class=\"elementor elementor-2826\">\n\t\t\t\t\t\t<section class=\"elementor-section elementor-top-section elementor-element elementor-element-12ab4146 elementor-section-boxed elementor-section-height-default elementor-section-height-default\" data-id=\"12ab4146\" data-element_type=\"section\" data-e-type=\"section\">\n\t\t\t\t\t\t<div class=\"elementor-container elementor-column-gap-default\">\n\t\t\t\t\t<div class=\"elementor-column elementor-col-100 elementor-top-column elementor-element elementor-element-3fbb79ba\" data-id=\"3fbb79ba\" data-element_type=\"column\" data-e-type=\"column\">\n\t\t\t<div class=\"elementor-widget-wrap elementor-element-populated\">\n\t\t\t\t\t\t<div class=\"elementor-element elementor-element-ae03212 elementor-widget elementor-widget-heading\" data-id=\"ae03212\" data-element_type=\"widget\" data-e-type=\"widget\" data-widget_type=\"heading.default\">\n\t\t\t\t<div class=\"elementor-widget-container\">\n\t\t\t\t\t<h1 class=\"elementor-heading-title elementor-size-default\">Etys participa en el Patrocinio del Balonmano Caser\u00edo de Ciudad Real.<\/h1>\t\t\t\t<\/div>\n\t\t\t\t<\/div>\n\t\t\t\t<section class=\"elementor-section elementor-inner-section elementor-element elementor-element-e1deaba elementor-section-boxed elementor-section-height-default elementor-section-height-default\" data-id=\"e1deaba\" data-element_type=\"section\" data-e-type=\"section\">\n\t\t\t\t\t\t<div class=\"elementor-container elementor-column-gap-default\">\n\t\t\t\t\t<div class=\"elementor-column elementor-col-50 elementor-inner-column elementor-element elementor-element-56341e0\" data-id=\"56341e0\" data-element_type=\"column\" data-e-type=\"column\">\n\t\t\t<div class=\"elementor-widget-wrap elementor-element-populated\">\n\t\t\t\t\t\t<div class=\"elementor-element elementor-element-bc14bac elementor-widget elementor-widget-image\" data-id=\"bc14bac\" data-element_type=\"widget\" data-e-type=\"widget\" data-widget_type=\"image.default\">\n\t\t\t\t<div class=\"elementor-widget-container\">\n\t\t\t\t\t\t\t\t\t\t\t\t\t\t\t<img fetchpriority=\"high\" decoding=\"async\" width=\"949\" height=\"533\" src=\"https:\/\/etys.es\/wp-content\/uploads\/2025\/10\/BM_Caserio_Alarcos_Trofeo_Diputacion.jpg\" class=\"attachment-large size-large wp-image-2829\" alt=\"\" srcset=\"https:\/\/etys.es\/wp-content\/uploads\/2025\/10\/BM_Caserio_Alarcos_Trofeo_Diputacion.jpg 949w, https:\/\/etys.es\/wp-content\/uploads\/2025\/10\/BM_Caserio_Alarcos_Trofeo_Diputacion-300x168.jpg 300w, https:\/\/etys.es\/wp-content\/uploads\/2025\/10\/BM_Caserio_Alarcos_Trofeo_Diputacion-768x431.jpg 768w\" sizes=\"(max-width: 949px) 100vw, 949px\" \/>\t\t\t\t\t\t\t\t\t\t\t\t\t\t\t<\/div>\n\t\t\t\t<\/div>\n\t\t\t\t\t<\/div>\n\t\t<\/div>\n\t\t\t\t<div class=\"elementor-column elementor-col-50 elementor-inner-column elementor-element elementor-element-70931b3\" data-id=\"70931b3\" data-element_type=\"column\" data-e-type=\"column\">\n\t\t\t<div class=\"elementor-widget-wrap elementor-element-populated\">\n\t\t\t\t\t\t<div class=\"elementor-element elementor-element-7c25a05 elementor-widget elementor-widget-text-editor\" data-id=\"7c25a05\" data-element_type=\"widget\" data-e-type=\"widget\" data-widget_type=\"text-editor.default\">\n\t\t\t\t<div class=\"elementor-widget-container\">\n\t\t\t\t\t\t\t\t\t<h6>\u00a0<\/h6><h6>Estamos comprometidos con los valores del deporte y por este motivo apoyamos con el Patrocinio a Balonmano Caser\u00edo Ciudad Real, referente en la Provincia.<\/h6><h5>\u00a0<\/h5>\t\t\t\t\t\t\t\t<\/div>\n\t\t\t\t<\/div>\n\t\t\t\t\t<\/div>\n\t\t<\/div>\n\t\t\t\t\t<\/div>\n\t\t<\/section>\n\t\t\t\t\t<\/div>\n\t\t<\/div>\n\t\t\t\t\t<\/div>\n\t\t<\/section>\n\t\t\t\t<section class=\"elementor-section elementor-top-section elementor-element elementor-element-15ddc7f elementor-section-boxed elementor-section-height-default elementor-section-height-default\" data-id=\"15ddc7f\" data-element_type=\"section\" data-e-type=\"section\">\n\t\t\t\t\t\t<div class=\"elementor-container elementor-column-gap-default\">\n\t\t\t\t\t<div class=\"elementor-column elementor-col-50 elementor-top-column elementor-element elementor-element-b7c4101\" data-id=\"b7c4101\" data-element_type=\"column\" data-e-type=\"column\">\n\t\t\t<div class=\"elementor-widget-wrap elementor-element-populated\">\n\t\t\t\t\t\t<div class=\"elementor-element elementor-element-d2fab5a elementor-widget elementor-widget-text-editor\" data-id=\"d2fab5a\" data-element_type=\"widget\" data-e-type=\"widget\" data-widget_type=\"text-editor.default\">\n\t\t\t\t<div class=\"elementor-widget-container\">\n\t\t\t\t\t\t\t\t\t<p>\u00a0<\/p><h6>Como afirman en su web, la misi\u00f3n del Club es:<\/h6><div>\u00a0<\/div><div><div style=\"font-size: 16px; text-transform: none;\"><ol><li><b>Contribuir a incrementar la calidad de vida de las personas.<\/b><\/li><li><b>Transmitir a los j\u00f3venes nuestros valores y experiencia acumulada buscando una sociedad m\u00e1s comprometida y justa.<\/b><\/li><li><b>Planificar y desarrollar nuestra actividad para poder contribuir a la consecuci\u00f3n de los Objetivos de las Asociaciones y ONG de nuestro entorno.<\/b><\/li><\/ol><\/div><\/div>\t\t\t\t\t\t\t\t<\/div>\n\t\t\t\t<\/div>\n\t\t\t\t\t<\/div>\n\t\t<\/div>\n\t\t\t\t<div class=\"elementor-column elementor-col-50 elementor-top-column elementor-element elementor-element-4180b4f\" data-id=\"4180b4f\" data-element_type=\"column\" data-e-type=\"column\">\n\t\t\t<div class=\"elementor-widget-wrap elementor-element-populated\">\n\t\t\t\t\t\t<div class=\"elementor-element elementor-element-5d96f63 elementor-widget elementor-widget-image\" data-id=\"5d96f63\" data-element_type=\"widget\" data-e-type=\"widget\" data-widget_type=\"image.default\">\n\t\t\t\t<div class=\"elementor-widget-container\">\n\t\t\t\t\t\t\t\t\t\t\t\t\t\t\t<img decoding=\"async\" width=\"400\" height=\"250\" src=\"https:\/\/etys.es\/wp-content\/uploads\/2025\/10\/campa-400x250.jpg\" class=\"attachment-multilen-case-thumb size-multilen-case-thumb wp-image-2830\" alt=\"\" \/>\t\t\t\t\t\t\t\t\t\t\t\t\t\t\t<\/div>\n\t\t\t\t<\/div>\n\t\t\t\t\t<\/div>\n\t\t<\/div>\n\t\t\t\t\t<\/div>\n\t\t<\/section>\n\t\t\t\t<section class=\"elementor-section elementor-top-section elementor-element elementor-element-6017fb9 elementor-section-boxed elementor-section-height-default elementor-section-height-default\" data-id=\"6017fb9\" data-element_type=\"section\" data-e-type=\"section\">\n\t\t\t\t\t\t<div class=\"elementor-container elementor-column-gap-default\">\n\t\t\t\t\t<div class=\"elementor-column elementor-col-50 elementor-top-column elementor-element elementor-element-5b6c994\" data-id=\"5b6c994\" data-element_type=\"column\" data-e-type=\"column\">\n\t\t\t<div class=\"elementor-widget-wrap elementor-element-populated\">\n\t\t\t\t\t\t<div class=\"elementor-element elementor-element-c3e38c8 elementor-widget elementor-widget-image\" data-id=\"c3e38c8\" data-element_type=\"widget\" data-e-type=\"widget\" data-widget_type=\"image.default\">\n\t\t\t\t<div class=\"elementor-widget-container\">\n\t\t\t\t\t\t\t\t\t\t\t\t\t\t\t<img decoding=\"async\" width=\"400\" height=\"250\" src=\"https:\/\/etys.es\/wp-content\/uploads\/2025\/10\/PLATA_FEMENINO-400x250.jpg\" class=\"attachment-multilen-case-thumb size-multilen-case-thumb wp-image-2861\" alt=\"\" \/>\t\t\t\t\t\t\t\t\t\t\t\t\t\t\t<\/div>\n\t\t\t\t<\/div>\n\t\t\t\t\t<\/div>\n\t\t<\/div>\n\t\t\t\t<div class=\"elementor-column elementor-col-50 elementor-top-column elementor-element elementor-element-05a7a64\" data-id=\"05a7a64\" data-element_type=\"column\" data-e-type=\"column\">\n\t\t\t<div class=\"elementor-widget-wrap elementor-element-populated\">\n\t\t\t\t\t\t<div class=\"elementor-element elementor-element-4993e1d elementor-widget elementor-widget-text-editor\" data-id=\"4993e1d\" data-element_type=\"widget\" data-e-type=\"widget\" data-widget_type=\"text-editor.default\">\n\t\t\t\t<div class=\"elementor-widget-container\">\n\t\t\t\t\t\t\t\t\t<h6>\u00a0<\/h6><h6>El Club tambi\u00e9n cuenta con categor\u00edas Femenina, Alev\u00edn, Juvenil y Benjam\u00edn.<\/h6><h6>El Club Intenta transmitir la afici\u00f3n por este deporte a todos los sectores y grupos sociales, lo cual indica el nivel de\u00a0 contribuci\u00f3n al desarrollo educativo, social y cultural de las comunidades locales.<\/h6>\t\t\t\t\t\t\t\t<\/div>\n\t\t\t\t<\/div>\n\t\t\t\t\t<\/div>\n\t\t<\/div>\n\t\t\t\t\t<\/div>\n\t\t<\/section>\n\t\t\t\t<section class=\"elementor-section elementor-top-section elementor-element elementor-element-c4e30cb elementor-section-boxed elementor-section-height-default elementor-section-height-default\" data-id=\"c4e30cb\" data-element_type=\"section\" data-e-type=\"section\">\n\t\t\t\t\t\t<div class=\"elementor-container elementor-column-gap-default\">\n\t\t\t\t\t<div class=\"elementor-column elementor-col-100 elementor-top-column elementor-element elementor-element-714c319\" data-id=\"714c319\" data-element_type=\"column\" data-e-type=\"column\">\n\t\t\t<div class=\"elementor-widget-wrap elementor-element-populated\">\n\t\t\t\t\t\t<div class=\"elementor-element elementor-element-b5ba634 elementor-widget elementor-widget-heading\" data-id=\"b5ba634\" data-element_type=\"widget\" data-e-type=\"widget\" data-widget_type=\"heading.default\">\n\t\t\t\t<div class=\"elementor-widget-container\">\n\t\t\t\t\t<h2 class=\"elementor-heading-title elementor-size-default\">Algunos enlaces a su web y Redes Sociales.<\/h2>\t\t\t\t<\/div>\n\t\t\t\t<\/div>\n\t\t\t\t\t<\/div>\n\t\t<\/div>\n\t\t\t\t\t<\/div>\n\t\t<\/section>\n\t\t\t\t<section class=\"elementor-section elementor-top-section elementor-element elementor-element-5ed0936 elementor-section-boxed elementor-section-height-default elementor-section-height-default\" data-id=\"5ed0936\" data-element_type=\"section\" data-e-type=\"section\">\n\t\t\t\t\t\t<div class=\"elementor-container elementor-column-gap-default\">\n\t\t\t\t\t<div class=\"elementor-column elementor-col-100 elementor-top-column elementor-element elementor-element-a1790d5\" data-id=\"a1790d5\" data-element_type=\"column\" data-e-type=\"column\">\n\t\t\t<div class=\"elementor-widget-wrap elementor-element-populated\">\n\t\t\t\t\t\t<div class=\"elementor-element elementor-element-fc81a2a elementor-widget elementor-widget-text-editor\" data-id=\"fc81a2a\" data-element_type=\"widget\" data-e-type=\"widget\" data-widget_type=\"text-editor.default\">\n\t\t\t\t<div class=\"elementor-widget-container\">\n\t\t\t\t\t\t\t\t\t<h5><strong><a href=\"https:\/\/balonmanocaserio.com\/\">Web Balonmano Caser\u00edo Ciudad Real<\/a><\/strong><\/h5><h5><strong><a href=\"https:\/\/www.tiktok.com\/@balonmano_caserio\">TickTok<\/a><\/strong><\/h5><h5><strong><a href=\"https:\/\/www.facebook.com\/balonmanocaserio\">Facebook<\/a><\/strong><\/h5><h5><strong><a href=\"https:\/\/x.com\/bm_caserio\">X (Twitter)<\/a><\/strong><\/h5><h5><strong><a href=\"https:\/\/www.youtube.com\/@balonmano_caserio\">Youtube<\/a><\/strong><\/h5><h5><strong><a href=\"https:\/\/www.instagram.com\/balonmano_caserio\/\">Instagram<\/a><\/strong><\/h5>\t\t\t\t\t\t\t\t<\/div>\n\t\t\t\t<\/div>\n\t\t\t\t\t<\/div>\n\t\t<\/div>\n\t\t\t\t\t<\/div>\n\t\t<\/section>\n\t\t\t\t<section class=\"elementor-section elementor-top-section elementor-element elementor-element-7a707cd elementor-section-boxed elementor-section-height-default elementor-section-height-default\" data-id=\"7a707cd\" data-element_type=\"section\" data-e-type=\"section\">\n\t\t\t\t\t\t<div class=\"elementor-container elementor-column-gap-default\">\n\t\t\t\t\t<div class=\"elementor-column elementor-col-100 elementor-top-column elementor-element elementor-element-2d19505\" data-id=\"2d19505\" data-element_type=\"column\" data-e-type=\"column\">\n\t\t\t<div class=\"elementor-widget-wrap elementor-element-populated\">\n\t\t\t\t\t\t<div class=\"elementor-element elementor-element-6250b94 elementor-widget elementor-widget-heading\" data-id=\"6250b94\" data-element_type=\"widget\" data-e-type=\"widget\" data-widget_type=\"heading.default\">\n\t\t\t\t<div class=\"elementor-widget-container\">\n\t\t\t\t\t<h2 class=\"elementor-heading-title elementor-size-default\"><br>Os dejamos un video con el Himno del club.<\/h2>\t\t\t\t<\/div>\n\t\t\t\t<\/div>\n\t\t\t\t\t<\/div>\n\t\t<\/div>\n\t\t\t\t\t<\/div>\n\t\t<\/section>\n\t\t\t\t<section class=\"elementor-section elementor-top-section elementor-element elementor-element-b210ece elementor-section-boxed elementor-section-height-default elementor-section-height-default\" data-id=\"b210ece\" data-element_type=\"section\" data-e-type=\"section\">\n\t\t\t\t\t\t<div class=\"elementor-container elementor-column-gap-default\">\n\t\t\t\t\t<div class=\"elementor-column elementor-col-100 elementor-top-column elementor-element elementor-element-f200554\" data-id=\"f200554\" data-element_type=\"column\" data-e-type=\"column\">\n\t\t\t<div class=\"elementor-widget-wrap elementor-element-populated\">\n\t\t\t\t\t\t<div class=\"elementor-element elementor-element-21665c5 elementor-widget elementor-widget-video\" data-id=\"21665c5\" data-element_type=\"widget\" data-e-type=\"widget\" data-settings=\"{&quot;youtube_url&quot;:&quot;https:\\\/\\\/www.youtube.com\\\/watch?v=lOXUU_fyRHw&quot;,&quot;video_type&quot;:&quot;youtube&quot;,&quot;controls&quot;:&quot;yes&quot;}\" data-widget_type=\"video.default\">\n\t\t\t\t<div class=\"elementor-widget-container\">\n\t\t\t\t\t\t\t<div class=\"elementor-wrapper elementor-open-inline\">\n\t\t\t<div class=\"elementor-video\"><\/div>\t\t<\/div>\n\t\t\t\t\t\t<\/div>\n\t\t\t\t<\/div>\n\t\t\t\t\t<\/div>\n\t\t<\/div>\n\t\t\t\t\t<\/div>\n\t\t<\/section>\n\t\t\t\t<section class=\"elementor-section elementor-top-section elementor-element elementor-element-e721505 elementor-section-boxed elementor-section-height-default elementor-section-height-default\" data-id=\"e721505\" data-element_type=\"section\" data-e-type=\"section\">\n\t\t\t\t\t\t<div class=\"elementor-container elementor-column-gap-default\">\n\t\t\t\t\t<div class=\"elementor-column elementor-col-100 elementor-top-column elementor-element elementor-element-cde491c\" data-id=\"cde491c\" data-element_type=\"column\" data-e-type=\"column\">\n\t\t\t<div class=\"elementor-widget-wrap\">\n\t\t\t\t\t\t\t<\/div>\n\t\t<\/div>\n\t\t\t\t\t<\/div>\n\t\t<\/section>\n\t\t\t\t<\/div>\n\t\t","protected":false},"excerpt":{"rendered":"<p>Etys participa en el Patrocinio del Balonmano Caser\u00edo de Ciudad Real. \u00a0 Estamos comprometidos con los valores del deporte y por este motivo apoyamos con el Patrocinio a Balonmano Caser\u00edo Ciudad Real, referente en la Provincia. \u00a0 \u00a0 Como afirman en su web, la misi\u00f3n del Club es: \u00a0 Contribuir a incrementar la calidad de [&hellip;]<\/p>\n","protected":false},"author":1,"featured_media":0,"parent":0,"menu_order":0,"comment_status":"closed","ping_status":"closed","template":"","meta":{"footnotes":""},"class_list":["post-2826","page","type-page","status-publish","hentry"],"yoast_head":"<!-- This site is optimized with the Yoast SEO plugin v26.9 - https:\/\/yoast.com\/product\/yoast-seo-wordpress\/ -->\n<title>Patrocinio de Balonmano Caser\u00edo - Etys<\/title>\n<meta name=\"description\" content=\"Empresa Mantenimiento e Instalaci\u00f3n Patrocinio de Balonmano Caser\u00edo . Contacte hoy mismo y reciba presupuesto GRATIS.\" \/>\n<meta name=\"robots\" content=\"index, follow, max-snippet:-1, max-image-preview:large, max-video-preview:-1\" \/>\n<link rel=\"canonical\" href=\"https:\/\/etys.es\/index.php\/patrocinio-de-balonmano-caserio\/\" \/>\n<meta property=\"og:locale\" content=\"es_ES\" \/>\n<meta property=\"og:type\" content=\"article\" \/>\n<meta property=\"og:title\" content=\"Patrocinio de Balonmano Caser\u00edo - Etys\" \/>\n<meta property=\"og:description\" content=\"Empresa Mantenimiento e Instalaci\u00f3n Patrocinio de Balonmano Caser\u00edo . Contacte hoy mismo y reciba presupuesto GRATIS.\" \/>\n<meta property=\"og:url\" content=\"https:\/\/etys.es\/index.php\/patrocinio-de-balonmano-caserio\/\" \/>\n<meta property=\"og:site_name\" content=\"Etys\" \/>\n<meta property=\"article:publisher\" content=\"https:\/\/www.facebook.com\/profile.php?id=61556747036824\" \/>\n<meta property=\"article:modified_time\" content=\"2025-11-18T11:07:26+00:00\" \/>\n<meta property=\"og:image\" content=\"https:\/\/etys.es\/wp-content\/uploads\/2025\/10\/BM_Caserio_Alarcos_Trofeo_Diputacion.jpg\" \/>\n\t<meta property=\"og:image:width\" content=\"949\" \/>\n\t<meta property=\"og:image:height\" content=\"533\" \/>\n\t<meta property=\"og:image:type\" content=\"image\/jpeg\" \/>\n<meta name=\"twitter:label1\" content=\"Tiempo de lectura\" \/>\n\t<meta name=\"twitter:data1\" content=\"1 minuto\" \/>\n<script type=\"application\/ld+json\" class=\"yoast-schema-graph\">{\"@context\":\"https:\/\/schema.org\",\"@graph\":[{\"@type\":\"WebPage\",\"@id\":\"https:\/\/etys.es\/index.php\/patrocinio-de-balonmano-caserio\/\",\"url\":\"https:\/\/etys.es\/index.php\/patrocinio-de-balonmano-caserio\/\",\"name\":\"Patrocinio de Balonmano Caser\u00edo - Etys\",\"isPartOf\":{\"@id\":\"https:\/\/etys.es\/#website\"},\"primaryImageOfPage\":{\"@id\":\"https:\/\/etys.es\/index.php\/patrocinio-de-balonmano-caserio\/#primaryimage\"},\"image\":{\"@id\":\"https:\/\/etys.es\/index.php\/patrocinio-de-balonmano-caserio\/#primaryimage\"},\"thumbnailUrl\":\"https:\/\/etys.es\/wp-content\/uploads\/2025\/10\/BM_Caserio_Alarcos_Trofeo_Diputacion.jpg\",\"datePublished\":\"2025-10-03T10:07:58+00:00\",\"dateModified\":\"2025-11-18T11:07:26+00:00\",\"description\":\"Empresa Mantenimiento e Instalaci\u00f3n Patrocinio de Balonmano Caser\u00edo . Contacte hoy mismo y reciba presupuesto GRATIS.\",\"breadcrumb\":{\"@id\":\"https:\/\/etys.es\/index.php\/patrocinio-de-balonmano-caserio\/#breadcrumb\"},\"inLanguage\":\"es\",\"potentialAction\":[{\"@type\":\"ReadAction\",\"target\":[\"https:\/\/etys.es\/index.php\/patrocinio-de-balonmano-caserio\/\"]}]},{\"@type\":\"ImageObject\",\"inLanguage\":\"es\",\"@id\":\"https:\/\/etys.es\/index.php\/patrocinio-de-balonmano-caserio\/#primaryimage\",\"url\":\"https:\/\/etys.es\/wp-content\/uploads\/2025\/10\/BM_Caserio_Alarcos_Trofeo_Diputacion.jpg\",\"contentUrl\":\"https:\/\/etys.es\/wp-content\/uploads\/2025\/10\/BM_Caserio_Alarcos_Trofeo_Diputacion.jpg\",\"width\":949,\"height\":533},{\"@type\":\"BreadcrumbList\",\"@id\":\"https:\/\/etys.es\/index.php\/patrocinio-de-balonmano-caserio\/#breadcrumb\",\"itemListElement\":[{\"@type\":\"ListItem\",\"position\":1,\"name\":\"Portada\",\"item\":\"https:\/\/etys.es\/\"},{\"@type\":\"ListItem\",\"position\":2,\"name\":\"Patrocinio de Balonmano Caser\u00edo\"}]},{\"@type\":\"WebSite\",\"@id\":\"https:\/\/etys.es\/#website\",\"url\":\"https:\/\/etys.es\/\",\"name\":\"Etys Climatizaci\u00f3n Ciudad Real\",\"description\":\"Climatizaci\u00f3n Ciudad Real\",\"publisher\":{\"@id\":\"https:\/\/etys.es\/#organization\"},\"alternateName\":\"Etys Climatizaci\u00f3n Ciudad Real\",\"potentialAction\":[{\"@type\":\"SearchAction\",\"target\":{\"@type\":\"EntryPoint\",\"urlTemplate\":\"https:\/\/etys.es\/?s={search_term_string}\"},\"query-input\":{\"@type\":\"PropertyValueSpecification\",\"valueRequired\":true,\"valueName\":\"search_term_string\"}}],\"inLanguage\":\"es\"},{\"@type\":\"Organization\",\"@id\":\"https:\/\/etys.es\/#organization\",\"name\":\"Etys\",\"alternateName\":\"Etys Climatizaci\u00f3n Ciudad Real\",\"url\":\"https:\/\/etys.es\/\",\"logo\":{\"@type\":\"ImageObject\",\"inLanguage\":\"es\",\"@id\":\"https:\/\/etys.es\/#\/schema\/logo\/image\/\",\"url\":\"https:\/\/etys.es\/wp-content\/uploads\/2022\/12\/cropped-fab_ico-1.png\",\"contentUrl\":\"https:\/\/etys.es\/wp-content\/uploads\/2022\/12\/cropped-fab_ico-1.png\",\"width\":512,\"height\":512,\"caption\":\"Etys\"},\"image\":{\"@id\":\"https:\/\/etys.es\/#\/schema\/logo\/image\/\"},\"sameAs\":[\"https:\/\/www.facebook.com\/profile.php?id=61556747036824\",\"https:\/\/www.linkedin.com\/in\/pedro-perez-panadero-8840272a1\",\"https:\/\/www.instagram.com\/etysciudadreal\/\",\"https:\/\/www.youtube.com\/@Etys\"]}]}<\/script>\n<!-- \/ Yoast SEO plugin. -->","yoast_head_json":{"title":"Patrocinio de Balonmano Caser\u00edo - Etys","description":"Empresa Mantenimiento e Instalaci\u00f3n Patrocinio de Balonmano Caser\u00edo . Contacte hoy mismo y reciba presupuesto GRATIS.","robots":{"index":"index","follow":"follow","max-snippet":"max-snippet:-1","max-image-preview":"max-image-preview:large","max-video-preview":"max-video-preview:-1"},"canonical":"https:\/\/etys.es\/index.php\/patrocinio-de-balonmano-caserio\/","og_locale":"es_ES","og_type":"article","og_title":"Patrocinio de Balonmano Caser\u00edo - Etys","og_description":"Empresa Mantenimiento e Instalaci\u00f3n Patrocinio de Balonmano Caser\u00edo . Contacte hoy mismo y reciba presupuesto GRATIS.","og_url":"https:\/\/etys.es\/index.php\/patrocinio-de-balonmano-caserio\/","og_site_name":"Etys","article_publisher":"https:\/\/www.facebook.com\/profile.php?id=61556747036824","article_modified_time":"2025-11-18T11:07:26+00:00","og_image":[{"width":949,"height":533,"url":"https:\/\/etys.es\/wp-content\/uploads\/2025\/10\/BM_Caserio_Alarcos_Trofeo_Diputacion.jpg","type":"image\/jpeg"}],"twitter_misc":{"Tiempo de lectura":"1 minuto"},"schema":{"@context":"https:\/\/schema.org","@graph":[{"@type":"WebPage","@id":"https:\/\/etys.es\/index.php\/patrocinio-de-balonmano-caserio\/","url":"https:\/\/etys.es\/index.php\/patrocinio-de-balonmano-caserio\/","name":"Patrocinio de Balonmano Caser\u00edo - Etys","isPartOf":{"@id":"https:\/\/etys.es\/#website"},"primaryImageOfPage":{"@id":"https:\/\/etys.es\/index.php\/patrocinio-de-balonmano-caserio\/#primaryimage"},"image":{"@id":"https:\/\/etys.es\/index.php\/patrocinio-de-balonmano-caserio\/#primaryimage"},"thumbnailUrl":"https:\/\/etys.es\/wp-content\/uploads\/2025\/10\/BM_Caserio_Alarcos_Trofeo_Diputacion.jpg","datePublished":"2025-10-03T10:07:58+00:00","dateModified":"2025-11-18T11:07:26+00:00","description":"Empresa Mantenimiento e Instalaci\u00f3n Patrocinio de Balonmano Caser\u00edo . Contacte hoy mismo y reciba presupuesto GRATIS.","breadcrumb":{"@id":"https:\/\/etys.es\/index.php\/patrocinio-de-balonmano-caserio\/#breadcrumb"},"inLanguage":"es","potentialAction":[{"@type":"ReadAction","target":["https:\/\/etys.es\/index.php\/patrocinio-de-balonmano-caserio\/"]}]},{"@type":"ImageObject","inLanguage":"es","@id":"https:\/\/etys.es\/index.php\/patrocinio-de-balonmano-caserio\/#primaryimage","url":"https:\/\/etys.es\/wp-content\/uploads\/2025\/10\/BM_Caserio_Alarcos_Trofeo_Diputacion.jpg","contentUrl":"https:\/\/etys.es\/wp-content\/uploads\/2025\/10\/BM_Caserio_Alarcos_Trofeo_Diputacion.jpg","width":949,"height":533},{"@type":"BreadcrumbList","@id":"https:\/\/etys.es\/index.php\/patrocinio-de-balonmano-caserio\/#breadcrumb","itemListElement":[{"@type":"ListItem","position":1,"name":"Portada","item":"https:\/\/etys.es\/"},{"@type":"ListItem","position":2,"name":"Patrocinio de Balonmano Caser\u00edo"}]},{"@type":"WebSite","@id":"https:\/\/etys.es\/#website","url":"https:\/\/etys.es\/","name":"Etys Climatizaci\u00f3n Ciudad Real","description":"Climatizaci\u00f3n Ciudad Real","publisher":{"@id":"https:\/\/etys.es\/#organization"},"alternateName":"Etys Climatizaci\u00f3n Ciudad Real","potentialAction":[{"@type":"SearchAction","target":{"@type":"EntryPoint","urlTemplate":"https:\/\/etys.es\/?s={search_term_string}"},"query-input":{"@type":"PropertyValueSpecification","valueRequired":true,"valueName":"search_term_string"}}],"inLanguage":"es"},{"@type":"Organization","@id":"https:\/\/etys.es\/#organization","name":"Etys","alternateName":"Etys Climatizaci\u00f3n Ciudad Real","url":"https:\/\/etys.es\/","logo":{"@type":"ImageObject","inLanguage":"es","@id":"https:\/\/etys.es\/#\/schema\/logo\/image\/","url":"https:\/\/etys.es\/wp-content\/uploads\/2022\/12\/cropped-fab_ico-1.png","contentUrl":"https:\/\/etys.es\/wp-content\/uploads\/2022\/12\/cropped-fab_ico-1.png","width":512,"height":512,"caption":"Etys"},"image":{"@id":"https:\/\/etys.es\/#\/schema\/logo\/image\/"},"sameAs":["https:\/\/www.facebook.com\/profile.php?id=61556747036824","https:\/\/www.linkedin.com\/in\/pedro-perez-panadero-8840272a1","https:\/\/www.instagram.com\/etysciudadreal\/","https:\/\/www.youtube.com\/@Etys"]}]}},"_links":{"self":[{"href":"https:\/\/etys.es\/index.php\/wp-json\/wp\/v2\/pages\/2826","targetHints":{"allow":["GET"]}}],"collection":[{"href":"https:\/\/etys.es\/index.php\/wp-json\/wp\/v2\/pages"}],"about":[{"href":"https:\/\/etys.es\/index.php\/wp-json\/wp\/v2\/types\/page"}],"author":[{"embeddable":true,"href":"https:\/\/etys.es\/index.php\/wp-json\/wp\/v2\/users\/1"}],"replies":[{"embeddable":true,"href":"https:\/\/etys.es\/index.php\/wp-json\/wp\/v2\/comments?post=2826"}],"version-history":[{"count":38,"href":"https:\/\/etys.es\/index.php\/wp-json\/wp\/v2\/pages\/2826\/revisions"}],"predecessor-version":[{"id":3051,"href":"https:\/\/etys.es\/index.php\/wp-json\/wp\/v2\/pages\/2826\/revisions\/3051"}],"wp:attachment":[{"href":"https:\/\/etys.es\/index.php\/wp-json\/wp\/v2\/media?parent=2826"}],"curies":[{"name":"wp","href":"https:\/\/api.w.org\/{rel}","templated":true}]}}