{"id":2593,"date":"2023-07-18T09:23:38","date_gmt":"2023-07-18T09:23:38","guid":{"rendered":"https:\/\/etys.es\/index.php\/jardines-del-gasset-duplicada\/"},"modified":"2025-11-19T09:59:21","modified_gmt":"2025-11-19T09:59:21","slug":"residencia-alfer","status":"publish","type":"page","link":"https:\/\/etys.es\/index.php\/residencia-alfer\/","title":{"rendered":"Residencia Alfer"},"content":{"rendered":"\t\t<div data-elementor-type=\"wp-page\" data-elementor-id=\"2593\" class=\"elementor elementor-2593\">\n\t\t\t\t\t\t<section class=\"elementor-section elementor-top-section elementor-element elementor-element-12ab4146 elementor-section-boxed elementor-section-height-default elementor-section-height-default\" data-id=\"12ab4146\" data-element_type=\"section\" data-e-type=\"section\">\n\t\t\t\t\t\t<div class=\"elementor-container elementor-column-gap-default\">\n\t\t\t\t\t<div class=\"elementor-column elementor-col-100 elementor-top-column elementor-element elementor-element-3fbb79ba\" data-id=\"3fbb79ba\" data-element_type=\"column\" data-e-type=\"column\">\n\t\t\t<div class=\"elementor-widget-wrap elementor-element-populated\">\n\t\t\t\t\t\t<div class=\"elementor-element elementor-element-ae03212 elementor-widget elementor-widget-heading\" data-id=\"ae03212\" data-element_type=\"widget\" data-e-type=\"widget\" data-widget_type=\"heading.default\">\n\t\t\t\t<div class=\"elementor-widget-container\">\n\t\t\t\t\t<h1 class=\"elementor-heading-title elementor-size-default\">Instalaciones para climatizaci\u00f3n, calefacci\u00f3n, ventilaci\u00f3n y producci\u00f3n de ACS en Residencia de Mayores en Ciudad Real para Alfer Construcciones<\/h1>\t\t\t\t<\/div>\n\t\t\t\t<\/div>\n\t\t\t\t<section class=\"elementor-section elementor-inner-section elementor-element elementor-element-e1deaba elementor-section-boxed elementor-section-height-default elementor-section-height-default\" data-id=\"e1deaba\" data-element_type=\"section\" data-e-type=\"section\">\n\t\t\t\t\t\t<div class=\"elementor-container elementor-column-gap-default\">\n\t\t\t\t\t<div class=\"elementor-column elementor-col-50 elementor-inner-column elementor-element elementor-element-56341e0\" data-id=\"56341e0\" data-element_type=\"column\" data-e-type=\"column\">\n\t\t\t<div class=\"elementor-widget-wrap elementor-element-populated\">\n\t\t\t\t\t\t<div class=\"elementor-element elementor-element-bc14bac elementor-widget elementor-widget-image\" data-id=\"bc14bac\" data-element_type=\"widget\" data-e-type=\"widget\" data-widget_type=\"image.default\">\n\t\t\t\t<div class=\"elementor-widget-container\">\n\t\t\t\t\t\t\t\t\t\t\t\t\t\t\t<img fetchpriority=\"high\" decoding=\"async\" width=\"644\" height=\"249\" src=\"https:\/\/etys.es\/wp-content\/uploads\/2023\/07\/photo_2023-05-01_14-11-34.jpg\" class=\"attachment-large size-large wp-image-2597\" alt=\"\" srcset=\"https:\/\/etys.es\/wp-content\/uploads\/2023\/07\/photo_2023-05-01_14-11-34.jpg 644w, https:\/\/etys.es\/wp-content\/uploads\/2023\/07\/photo_2023-05-01_14-11-34-300x116.jpg 300w\" sizes=\"(max-width: 644px) 100vw, 644px\" \/>\t\t\t\t\t\t\t\t\t\t\t\t\t\t\t<\/div>\n\t\t\t\t<\/div>\n\t\t\t\t\t<\/div>\n\t\t<\/div>\n\t\t\t\t<div class=\"elementor-column elementor-col-50 elementor-inner-column elementor-element elementor-element-70931b3\" data-id=\"70931b3\" data-element_type=\"column\" data-e-type=\"column\">\n\t\t\t<div class=\"elementor-widget-wrap elementor-element-populated\">\n\t\t\t\t\t\t<div class=\"elementor-element elementor-element-7c25a05 elementor-widget elementor-widget-text-editor\" data-id=\"7c25a05\" data-element_type=\"widget\" data-e-type=\"widget\" data-widget_type=\"text-editor.default\">\n\t\t\t\t<div class=\"elementor-widget-container\">\n\t\t\t\t\t\t\t\t\t<p>ETYS:<br \/>Creamos soluciones integrales para el confort de sus instalaciones y sus usuarios<br \/>Contamos con un equipo humano altamente cualificado y resolutivo<br \/>Aportando soluciones espec\u00edficas con una visi\u00f3n global del proyecto<br \/>Nuestro personal cuenta con una amplia experiencia en el dise\u00f1o y ejecuci\u00f3n de Proyectos de este tipo de Instalaciones<\/p>\t\t\t\t\t\t\t\t<\/div>\n\t\t\t\t<\/div>\n\t\t\t\t\t<\/div>\n\t\t<\/div>\n\t\t\t\t\t<\/div>\n\t\t<\/section>\n\t\t\t\t\t<\/div>\n\t\t<\/div>\n\t\t\t\t\t<\/div>\n\t\t<\/section>\n\t\t\t\t<section class=\"elementor-section elementor-top-section elementor-element elementor-element-15ddc7f elementor-section-boxed elementor-section-height-default elementor-section-height-default\" data-id=\"15ddc7f\" data-element_type=\"section\" data-e-type=\"section\">\n\t\t\t\t\t\t<div class=\"elementor-container elementor-column-gap-default\">\n\t\t\t\t\t<div class=\"elementor-column elementor-col-50 elementor-top-column elementor-element elementor-element-b7c4101\" data-id=\"b7c4101\" data-element_type=\"column\" data-e-type=\"column\">\n\t\t\t<div class=\"elementor-widget-wrap elementor-element-populated\">\n\t\t\t\t\t\t<div class=\"elementor-element elementor-element-d2fab5a elementor-widget elementor-widget-text-editor\" data-id=\"d2fab5a\" data-element_type=\"widget\" data-e-type=\"widget\" data-widget_type=\"text-editor.default\">\n\t\t\t\t<div class=\"elementor-widget-container\">\n\t\t\t\t\t\t\t\t\t<p><strong>LA OBRA<\/strong><\/p><p>Nosotros nos encargamos de encontrar las soluciones necesarias para ello se opt\u00f3 por instalar un sistema compuesto por:<br \/>\u2022 2 Enfriadoras Carrier de 380 kW y 170 kW<br \/>\u2022 4 calderas Baxi Roca de 130 kW cada una para producci\u00f3n de calefacci\u00f3n<br \/>\u2022 1 caldera Baxi Roca de 90 kW para ACS con tratamiento antilegionella <br \/>\u2022 Equipo Ibaiondo que integra producci\u00f3n de ACS y dep\u00f3sito de inercia, bombas Grundfos, acumuladores de ACS<br \/>\u2022 Fancoils en salones, habitaciones y resto de estancias para climatizar y\/o refrigerar las instalaciones por red distribuida por las instalaciones de conductos de fibra con control individual en cada estancia para la gesti\u00f3n de la temperatura y control del funcionamiento estacional de los equipos<br \/>\u2022 Grupo de presi\u00f3n y filtro de agua en acometida<br \/>\u2022 Dep\u00f3sitos de agua fr\u00eda y sistema de cloraci\u00f3n en l\u00ednea<br \/>\u2022 Acometida de gas al edificio e instalaci\u00f3n y distribuci\u00f3n de gas por el interior en las estancias donde es necesario, Cocina, Lavander\u00eda \u2026..<\/p>\t\t\t\t\t\t\t\t<\/div>\n\t\t\t\t<\/div>\n\t\t\t\t\t<\/div>\n\t\t<\/div>\n\t\t\t\t<div class=\"elementor-column elementor-col-50 elementor-top-column elementor-element elementor-element-4180b4f\" data-id=\"4180b4f\" data-element_type=\"column\" data-e-type=\"column\">\n\t\t\t<div class=\"elementor-widget-wrap elementor-element-populated\">\n\t\t\t\t\t\t<div class=\"elementor-element elementor-element-df243a7 elementor-widget elementor-widget-video\" data-id=\"df243a7\" data-element_type=\"widget\" data-e-type=\"widget\" data-settings=\"{&quot;youtube_url&quot;:&quot;https:\\\/\\\/youtu.be\\\/SLYAcy5xMhU&quot;,&quot;video_type&quot;:&quot;youtube&quot;,&quot;controls&quot;:&quot;yes&quot;}\" data-widget_type=\"video.default\">\n\t\t\t\t<div class=\"elementor-widget-container\">\n\t\t\t\t\t\t\t<div class=\"elementor-wrapper elementor-open-inline\">\n\t\t\t<div class=\"elementor-video\"><\/div>\t\t<\/div>\n\t\t\t\t\t\t<\/div>\n\t\t\t\t<\/div>\n\t\t\t\t\t<\/div>\n\t\t<\/div>\n\t\t\t\t\t<\/div>\n\t\t<\/section>\n\t\t\t\t<section class=\"elementor-section elementor-top-section elementor-element elementor-element-6017fb9 elementor-section-boxed elementor-section-height-default elementor-section-height-default\" data-id=\"6017fb9\" data-element_type=\"section\" data-e-type=\"section\">\n\t\t\t\t\t\t<div class=\"elementor-container elementor-column-gap-default\">\n\t\t\t\t\t<div class=\"elementor-column elementor-col-100 elementor-top-column elementor-element elementor-element-05a7a64\" data-id=\"05a7a64\" data-element_type=\"column\" data-e-type=\"column\">\n\t\t\t<div class=\"elementor-widget-wrap elementor-element-populated\">\n\t\t\t\t\t\t<div class=\"elementor-element elementor-element-4dab59e elementor-widget elementor-widget-text-editor\" data-id=\"4dab59e\" data-element_type=\"widget\" data-e-type=\"widget\" data-widget_type=\"text-editor.default\">\n\t\t\t\t<div class=\"elementor-widget-container\">\n\t\t\t\t\t\t\t\t\t<p>Hacer instalaciones hidr\u00e1ulicas es un trabajo complejo que requiere conocimientos y habilidades espec\u00edficas en fontaner\u00eda<br \/>Antes de comenzar cualquier trabajo de instalaci\u00f3n hidr\u00e1ulica, es importante planificar cuidadosamente el dise\u00f1o y la ubicaci\u00f3n de las tuber\u00edas, v\u00e1lvulas, grifos y otros componentes. Esto garantiza que la instalaci\u00f3n cumpla con los requisitos del edificio y que se pueda acceder f\u00e1cilmente a los puntos de servicio.<br \/>La sala de calderas es el espacio en el que se encuentran instalados los equipos necesarios para la generaci\u00f3n de calor en un edificio o instalaci\u00f3n. Estos equipos pueden ser calderas, quemadores, intercambiadores de calor, entre otros, y su funci\u00f3n es proporcionar agua caliente y calefacci\u00f3n a los distintos sistemas del edificio.<br \/><br \/>La refrigeraci\u00f3n y climatizaci\u00f3n son sistemas dise\u00f1ados para controlar la temperatura, la humedad y la calidad del aire en un espacio cerrado. La refrigeraci\u00f3n se encarga de mantener una temperatura baja y constante en un espacio, mientras que la climatizaci\u00f3n regula la temperatura, humedad y calidad del aire para crear un ambiente c\u00f3modo y saludable para los ocupantes del edificio o instalaci\u00f3n. En estos sistemas se utilizan equipos como chillers, enfriadores de agua, unidades de tratamiento de aire, entre otros.<\/p>\t\t\t\t\t\t\t\t<\/div>\n\t\t\t\t<\/div>\n\t\t\t\t\t<\/div>\n\t\t<\/div>\n\t\t\t\t\t<\/div>\n\t\t<\/section>\n\t\t\t\t<section class=\"elementor-section elementor-top-section elementor-element elementor-element-8ec7c2f elementor-section-boxed elementor-section-height-default elementor-section-height-default\" data-id=\"8ec7c2f\" data-element_type=\"section\" data-e-type=\"section\">\n\t\t\t\t\t\t<div class=\"elementor-container elementor-column-gap-default\">\n\t\t\t\t\t<div class=\"elementor-column elementor-col-50 elementor-top-column elementor-element elementor-element-aae827a\" data-id=\"aae827a\" data-element_type=\"column\" data-e-type=\"column\">\n\t\t\t<div class=\"elementor-widget-wrap elementor-element-populated\">\n\t\t\t\t\t\t<div class=\"elementor-element elementor-element-60f80f2 elementor-widget elementor-widget-video\" data-id=\"60f80f2\" data-element_type=\"widget\" data-e-type=\"widget\" data-settings=\"{&quot;youtube_url&quot;:&quot;https:\\\/\\\/www.youtube.com\\\/watch?v=Yf2COXua3WQ&quot;,&quot;video_type&quot;:&quot;youtube&quot;,&quot;controls&quot;:&quot;yes&quot;}\" data-widget_type=\"video.default\">\n\t\t\t\t<div class=\"elementor-widget-container\">\n\t\t\t\t\t\t\t<div class=\"elementor-wrapper elementor-open-inline\">\n\t\t\t<div class=\"elementor-video\"><\/div>\t\t<\/div>\n\t\t\t\t\t\t<\/div>\n\t\t\t\t<\/div>\n\t\t\t\t\t<\/div>\n\t\t<\/div>\n\t\t\t\t<div class=\"elementor-column elementor-col-50 elementor-top-column elementor-element elementor-element-abd3be7\" data-id=\"abd3be7\" data-element_type=\"column\" data-e-type=\"column\">\n\t\t\t<div class=\"elementor-widget-wrap elementor-element-populated\">\n\t\t\t\t\t\t<div class=\"elementor-element elementor-element-a060eca elementor-widget elementor-widget-text-editor\" data-id=\"a060eca\" data-element_type=\"widget\" data-e-type=\"widget\" data-widget_type=\"text-editor.default\">\n\t\t\t\t<div class=\"elementor-widget-container\">\n\t\t\t\t\t\t\t\t\t<p>\u00a0<\/p><p>La sala de agua es el lugar en el que se almacena y distribuye el agua potable para uso humano en un edificio o instalaci\u00f3n. En esta sala se encuentra el equipo necesario para el tratamiento del agua, como bombas, filtros y medidores de flujo, entre otros.<\/p>\t\t\t\t\t\t\t\t<\/div>\n\t\t\t\t<\/div>\n\t\t\t\t\t<\/div>\n\t\t<\/div>\n\t\t\t\t\t<\/div>\n\t\t<\/section>\n\t\t\t\t<section class=\"elementor-section elementor-top-section elementor-element elementor-element-595a0a6 elementor-section-boxed elementor-section-height-default elementor-section-height-default\" data-id=\"595a0a6\" data-element_type=\"section\" data-e-type=\"section\">\n\t\t\t\t\t\t<div class=\"elementor-container elementor-column-gap-default\">\n\t\t\t\t\t<div class=\"elementor-column elementor-col-50 elementor-top-column elementor-element elementor-element-2a0d0cb\" data-id=\"2a0d0cb\" data-element_type=\"column\" data-e-type=\"column\">\n\t\t\t<div class=\"elementor-widget-wrap elementor-element-populated\">\n\t\t\t\t\t\t<div class=\"elementor-element elementor-element-c8f180b elementor-widget elementor-widget-text-editor\" data-id=\"c8f180b\" data-element_type=\"widget\" data-e-type=\"widget\" data-widget_type=\"text-editor.default\">\n\t\t\t\t<div class=\"elementor-widget-container\">\n\t\t\t\t\t\t\t\t\t<p>Para climatizar y refrigerar un edificio con fancoils, se utilizan unidades llamadas fancoils, que son dispositivos que pueden proporcionar calefacci\u00f3n o refrigeraci\u00f3n a un espacio. Estas unidades contienen un ventilador que mueve el aire a trav\u00e9s de un serpent\u00edn que puede calentar o enfriar el aire, seg\u00fan sea necesario.<br \/>Para instalar fancoils, primero se debe realizar un estudio del edificio para determinar la cantidad de unidades necesarias, su ubicaci\u00f3n y las conexiones necesarias a las tuber\u00edas y los conductos de aire. Es importante asegurarse de que la capacidad de los fancoils sea suficiente para cubrir las necesidades de calefacci\u00f3n o refrigeraci\u00f3n del edificio.<br \/>Una vez que se han seleccionado las unidades de fancoils adecuadas, se deben instalar en las designadas. Esto puede implicar la instalaci\u00f3n de conductos de aire y tuber\u00edas para conectar las unidades a una fuente de agua caliente o fr\u00eda. Tambi\u00e9n es importante asegurarse de que los fancoils est\u00e9n correctamente conectados a un sistema de control de temperatura para que puedan funcionar de manera eficiente y efectiva.<br \/>En resumen, la climatizaci\u00f3n y refrigeraci\u00f3n de un edificio con fancoils implica la selecci\u00f3n de las unidades adecuadas, la instalaci\u00f3n de tuber\u00edas y conductos de aire, y la conexi\u00f3n a un sistema de control de temperatura para garantizar que el edificio sea confortable en todo momento.<\/p>\t\t\t\t\t\t\t\t<\/div>\n\t\t\t\t<\/div>\n\t\t\t\t\t<\/div>\n\t\t<\/div>\n\t\t\t\t<div class=\"elementor-column elementor-col-50 elementor-top-column elementor-element elementor-element-8286f27\" data-id=\"8286f27\" data-element_type=\"column\" data-e-type=\"column\">\n\t\t\t<div class=\"elementor-widget-wrap elementor-element-populated\">\n\t\t\t\t\t\t<div class=\"elementor-element elementor-element-d5afbd5 elementor-widget elementor-widget-video\" data-id=\"d5afbd5\" data-element_type=\"widget\" data-e-type=\"widget\" data-settings=\"{&quot;youtube_url&quot;:&quot;https:\\\/\\\/youtu.be\\\/3OBnb2fO4bQ&quot;,&quot;video_type&quot;:&quot;youtube&quot;,&quot;controls&quot;:&quot;yes&quot;}\" data-widget_type=\"video.default\">\n\t\t\t\t<div class=\"elementor-widget-container\">\n\t\t\t\t\t\t\t<div class=\"elementor-wrapper elementor-open-inline\">\n\t\t\t<div class=\"elementor-video\"><\/div>\t\t<\/div>\n\t\t\t\t\t\t<\/div>\n\t\t\t\t<\/div>\n\t\t\t\t\t<\/div>\n\t\t<\/div>\n\t\t\t\t\t<\/div>\n\t\t<\/section>\n\t\t\t\t<\/div>\n\t\t","protected":false},"excerpt":{"rendered":"<p>Instalaciones para climatizaci\u00f3n, calefacci\u00f3n, ventilaci\u00f3n y producci\u00f3n de ACS en Residencia de Mayores en Ciudad Real para Alfer Construcciones ETYS:Creamos soluciones integrales para el confort de sus instalaciones y sus usuariosContamos con un equipo humano altamente cualificado y resolutivoAportando soluciones espec\u00edficas con una visi\u00f3n global del proyectoNuestro personal cuenta con una amplia experiencia en el [&hellip;]<\/p>\n","protected":false},"author":1,"featured_media":0,"parent":0,"menu_order":0,"comment_status":"closed","ping_status":"closed","template":"","meta":{"footnotes":""},"class_list":["post-2593","page","type-page","status-publish","hentry"],"yoast_head":"<!-- This site is optimized with the Yoast SEO plugin v26.9 - https:\/\/yoast.com\/product\/yoast-seo-wordpress\/ -->\n<title>Residencia Alfer - Etys<\/title>\n<meta name=\"description\" content=\"Empresa Mantenimiento e Instalaci\u00f3n Residencia Alfer . Contacte hoy mismo y reciba presupuesto GRATIS.\" \/>\n<meta name=\"robots\" content=\"index, follow, max-snippet:-1, max-image-preview:large, max-video-preview:-1\" \/>\n<link rel=\"canonical\" href=\"https:\/\/etys.es\/index.php\/residencia-alfer\/\" \/>\n<meta property=\"og:locale\" content=\"es_ES\" \/>\n<meta property=\"og:type\" content=\"article\" \/>\n<meta property=\"og:title\" content=\"Residencia Alfer - Etys\" \/>\n<meta property=\"og:description\" content=\"Empresa Mantenimiento e Instalaci\u00f3n Residencia Alfer . Contacte hoy mismo y reciba presupuesto GRATIS.\" \/>\n<meta property=\"og:url\" content=\"https:\/\/etys.es\/index.php\/residencia-alfer\/\" \/>\n<meta property=\"og:site_name\" content=\"Etys\" \/>\n<meta property=\"article:publisher\" content=\"https:\/\/www.facebook.com\/profile.php?id=61556747036824\" \/>\n<meta property=\"article:modified_time\" content=\"2025-11-19T09:59:21+00:00\" \/>\n<meta property=\"og:image\" content=\"https:\/\/etys.es\/wp-content\/uploads\/2023\/07\/photo_2023-05-01_14-11-34.jpg\" \/>\n\t<meta property=\"og:image:width\" content=\"644\" \/>\n\t<meta property=\"og:image:height\" content=\"249\" \/>\n\t<meta property=\"og:image:type\" content=\"image\/jpeg\" \/>\n<meta name=\"twitter:label1\" content=\"Tiempo de lectura\" \/>\n\t<meta name=\"twitter:data1\" content=\"4 minutos\" \/>\n<script type=\"application\/ld+json\" class=\"yoast-schema-graph\">{\"@context\":\"https:\/\/schema.org\",\"@graph\":[{\"@type\":\"WebPage\",\"@id\":\"https:\/\/etys.es\/index.php\/residencia-alfer\/\",\"url\":\"https:\/\/etys.es\/index.php\/residencia-alfer\/\",\"name\":\"Residencia Alfer - Etys\",\"isPartOf\":{\"@id\":\"https:\/\/etys.es\/#website\"},\"primaryImageOfPage\":{\"@id\":\"https:\/\/etys.es\/index.php\/residencia-alfer\/#primaryimage\"},\"image\":{\"@id\":\"https:\/\/etys.es\/index.php\/residencia-alfer\/#primaryimage\"},\"thumbnailUrl\":\"https:\/\/etys.es\/wp-content\/uploads\/2023\/07\/photo_2023-05-01_14-11-34.jpg\",\"datePublished\":\"2023-07-18T09:23:38+00:00\",\"dateModified\":\"2025-11-19T09:59:21+00:00\",\"description\":\"Empresa Mantenimiento e Instalaci\u00f3n Residencia Alfer . Contacte hoy mismo y reciba presupuesto GRATIS.\",\"breadcrumb\":{\"@id\":\"https:\/\/etys.es\/index.php\/residencia-alfer\/#breadcrumb\"},\"inLanguage\":\"es\",\"potentialAction\":[{\"@type\":\"ReadAction\",\"target\":[\"https:\/\/etys.es\/index.php\/residencia-alfer\/\"]}]},{\"@type\":\"ImageObject\",\"inLanguage\":\"es\",\"@id\":\"https:\/\/etys.es\/index.php\/residencia-alfer\/#primaryimage\",\"url\":\"https:\/\/etys.es\/wp-content\/uploads\/2023\/07\/photo_2023-05-01_14-11-34.jpg\",\"contentUrl\":\"https:\/\/etys.es\/wp-content\/uploads\/2023\/07\/photo_2023-05-01_14-11-34.jpg\",\"width\":644,\"height\":249},{\"@type\":\"BreadcrumbList\",\"@id\":\"https:\/\/etys.es\/index.php\/residencia-alfer\/#breadcrumb\",\"itemListElement\":[{\"@type\":\"ListItem\",\"position\":1,\"name\":\"Portada\",\"item\":\"https:\/\/etys.es\/\"},{\"@type\":\"ListItem\",\"position\":2,\"name\":\"Residencia Alfer\"}]},{\"@type\":\"WebSite\",\"@id\":\"https:\/\/etys.es\/#website\",\"url\":\"https:\/\/etys.es\/\",\"name\":\"Etys Climatizaci\u00f3n Ciudad Real\",\"description\":\"Climatizaci\u00f3n Ciudad Real\",\"publisher\":{\"@id\":\"https:\/\/etys.es\/#organization\"},\"alternateName\":\"Etys Climatizaci\u00f3n Ciudad Real\",\"potentialAction\":[{\"@type\":\"SearchAction\",\"target\":{\"@type\":\"EntryPoint\",\"urlTemplate\":\"https:\/\/etys.es\/?s={search_term_string}\"},\"query-input\":{\"@type\":\"PropertyValueSpecification\",\"valueRequired\":true,\"valueName\":\"search_term_string\"}}],\"inLanguage\":\"es\"},{\"@type\":\"Organization\",\"@id\":\"https:\/\/etys.es\/#organization\",\"name\":\"Etys\",\"alternateName\":\"Etys Climatizaci\u00f3n Ciudad Real\",\"url\":\"https:\/\/etys.es\/\",\"logo\":{\"@type\":\"ImageObject\",\"inLanguage\":\"es\",\"@id\":\"https:\/\/etys.es\/#\/schema\/logo\/image\/\",\"url\":\"https:\/\/etys.es\/wp-content\/uploads\/2022\/12\/cropped-fab_ico-1.png\",\"contentUrl\":\"https:\/\/etys.es\/wp-content\/uploads\/2022\/12\/cropped-fab_ico-1.png\",\"width\":512,\"height\":512,\"caption\":\"Etys\"},\"image\":{\"@id\":\"https:\/\/etys.es\/#\/schema\/logo\/image\/\"},\"sameAs\":[\"https:\/\/www.facebook.com\/profile.php?id=61556747036824\",\"https:\/\/www.linkedin.com\/in\/pedro-perez-panadero-8840272a1\",\"https:\/\/www.instagram.com\/etysciudadreal\/\",\"https:\/\/www.youtube.com\/@Etys\"]}]}<\/script>\n<!-- \/ Yoast SEO plugin. -->","yoast_head_json":{"title":"Residencia Alfer - Etys","description":"Empresa Mantenimiento e Instalaci\u00f3n Residencia Alfer . Contacte hoy mismo y reciba presupuesto GRATIS.","robots":{"index":"index","follow":"follow","max-snippet":"max-snippet:-1","max-image-preview":"max-image-preview:large","max-video-preview":"max-video-preview:-1"},"canonical":"https:\/\/etys.es\/index.php\/residencia-alfer\/","og_locale":"es_ES","og_type":"article","og_title":"Residencia Alfer - Etys","og_description":"Empresa Mantenimiento e Instalaci\u00f3n Residencia Alfer . Contacte hoy mismo y reciba presupuesto GRATIS.","og_url":"https:\/\/etys.es\/index.php\/residencia-alfer\/","og_site_name":"Etys","article_publisher":"https:\/\/www.facebook.com\/profile.php?id=61556747036824","article_modified_time":"2025-11-19T09:59:21+00:00","og_image":[{"width":644,"height":249,"url":"https:\/\/etys.es\/wp-content\/uploads\/2023\/07\/photo_2023-05-01_14-11-34.jpg","type":"image\/jpeg"}],"twitter_misc":{"Tiempo de lectura":"4 minutos"},"schema":{"@context":"https:\/\/schema.org","@graph":[{"@type":"WebPage","@id":"https:\/\/etys.es\/index.php\/residencia-alfer\/","url":"https:\/\/etys.es\/index.php\/residencia-alfer\/","name":"Residencia Alfer - Etys","isPartOf":{"@id":"https:\/\/etys.es\/#website"},"primaryImageOfPage":{"@id":"https:\/\/etys.es\/index.php\/residencia-alfer\/#primaryimage"},"image":{"@id":"https:\/\/etys.es\/index.php\/residencia-alfer\/#primaryimage"},"thumbnailUrl":"https:\/\/etys.es\/wp-content\/uploads\/2023\/07\/photo_2023-05-01_14-11-34.jpg","datePublished":"2023-07-18T09:23:38+00:00","dateModified":"2025-11-19T09:59:21+00:00","description":"Empresa Mantenimiento e Instalaci\u00f3n Residencia Alfer . Contacte hoy mismo y reciba presupuesto GRATIS.","breadcrumb":{"@id":"https:\/\/etys.es\/index.php\/residencia-alfer\/#breadcrumb"},"inLanguage":"es","potentialAction":[{"@type":"ReadAction","target":["https:\/\/etys.es\/index.php\/residencia-alfer\/"]}]},{"@type":"ImageObject","inLanguage":"es","@id":"https:\/\/etys.es\/index.php\/residencia-alfer\/#primaryimage","url":"https:\/\/etys.es\/wp-content\/uploads\/2023\/07\/photo_2023-05-01_14-11-34.jpg","contentUrl":"https:\/\/etys.es\/wp-content\/uploads\/2023\/07\/photo_2023-05-01_14-11-34.jpg","width":644,"height":249},{"@type":"BreadcrumbList","@id":"https:\/\/etys.es\/index.php\/residencia-alfer\/#breadcrumb","itemListElement":[{"@type":"ListItem","position":1,"name":"Portada","item":"https:\/\/etys.es\/"},{"@type":"ListItem","position":2,"name":"Residencia Alfer"}]},{"@type":"WebSite","@id":"https:\/\/etys.es\/#website","url":"https:\/\/etys.es\/","name":"Etys Climatizaci\u00f3n Ciudad Real","description":"Climatizaci\u00f3n Ciudad Real","publisher":{"@id":"https:\/\/etys.es\/#organization"},"alternateName":"Etys Climatizaci\u00f3n Ciudad Real","potentialAction":[{"@type":"SearchAction","target":{"@type":"EntryPoint","urlTemplate":"https:\/\/etys.es\/?s={search_term_string}"},"query-input":{"@type":"PropertyValueSpecification","valueRequired":true,"valueName":"search_term_string"}}],"inLanguage":"es"},{"@type":"Organization","@id":"https:\/\/etys.es\/#organization","name":"Etys","alternateName":"Etys Climatizaci\u00f3n Ciudad Real","url":"https:\/\/etys.es\/","logo":{"@type":"ImageObject","inLanguage":"es","@id":"https:\/\/etys.es\/#\/schema\/logo\/image\/","url":"https:\/\/etys.es\/wp-content\/uploads\/2022\/12\/cropped-fab_ico-1.png","contentUrl":"https:\/\/etys.es\/wp-content\/uploads\/2022\/12\/cropped-fab_ico-1.png","width":512,"height":512,"caption":"Etys"},"image":{"@id":"https:\/\/etys.es\/#\/schema\/logo\/image\/"},"sameAs":["https:\/\/www.facebook.com\/profile.php?id=61556747036824","https:\/\/www.linkedin.com\/in\/pedro-perez-panadero-8840272a1","https:\/\/www.instagram.com\/etysciudadreal\/","https:\/\/www.youtube.com\/@Etys"]}]}},"_links":{"self":[{"href":"https:\/\/etys.es\/index.php\/wp-json\/wp\/v2\/pages\/2593","targetHints":{"allow":["GET"]}}],"collection":[{"href":"https:\/\/etys.es\/index.php\/wp-json\/wp\/v2\/pages"}],"about":[{"href":"https:\/\/etys.es\/index.php\/wp-json\/wp\/v2\/types\/page"}],"author":[{"embeddable":true,"href":"https:\/\/etys.es\/index.php\/wp-json\/wp\/v2\/users\/1"}],"replies":[{"embeddable":true,"href":"https:\/\/etys.es\/index.php\/wp-json\/wp\/v2\/comments?post=2593"}],"version-history":[{"count":35,"href":"https:\/\/etys.es\/index.php\/wp-json\/wp\/v2\/pages\/2593\/revisions"}],"predecessor-version":[{"id":3075,"href":"https:\/\/etys.es\/index.php\/wp-json\/wp\/v2\/pages\/2593\/revisions\/3075"}],"wp:attachment":[{"href":"https:\/\/etys.es\/index.php\/wp-json\/wp\/v2\/media?parent=2593"}],"curies":[{"name":"wp","href":"https:\/\/api.w.org\/{rel}","templated":true}]}}