{"id":2556,"date":"2023-06-20T22:42:39","date_gmt":"2023-06-20T22:42:39","guid":{"rendered":"https:\/\/etys.es\/index.php\/jardines-del-gasset-duplicada\/"},"modified":"2025-11-19T09:59:02","modified_gmt":"2025-11-19T09:59:02","slug":"patrocinio-de-alonso-grarcia","status":"publish","type":"page","link":"https:\/\/etys.es\/index.php\/patrocinio-de-alonso-grarcia\/","title":{"rendered":"Patrocinio de Alonso Garc\u00eda"},"content":{"rendered":"\t\t<div data-elementor-type=\"wp-page\" data-elementor-id=\"2556\" class=\"elementor elementor-2556\">\n\t\t\t\t\t\t<section class=\"elementor-section elementor-top-section elementor-element elementor-element-12ab4146 elementor-section-boxed elementor-section-height-default elementor-section-height-default\" data-id=\"12ab4146\" data-element_type=\"section\" data-e-type=\"section\">\n\t\t\t\t\t\t<div class=\"elementor-container elementor-column-gap-default\">\n\t\t\t\t\t<div class=\"elementor-column elementor-col-100 elementor-top-column elementor-element elementor-element-3fbb79ba\" data-id=\"3fbb79ba\" data-element_type=\"column\" data-e-type=\"column\">\n\t\t\t<div class=\"elementor-widget-wrap elementor-element-populated\">\n\t\t\t\t\t\t<div class=\"elementor-element elementor-element-ae03212 elementor-widget elementor-widget-heading\" data-id=\"ae03212\" data-element_type=\"widget\" data-e-type=\"widget\" data-widget_type=\"heading.default\">\n\t\t\t\t<div class=\"elementor-widget-container\">\n\t\t\t\t\t<h1 class=\"elementor-heading-title elementor-size-default\"> Etys, apuesta por la joven promesa del motor Alonso Garc\u00eda Altamirano, piloto ciudareale\u00f1o de Moto5, siendo su principal patrocinador.<\/h1>\t\t\t\t<\/div>\n\t\t\t\t<\/div>\n\t\t\t\t<section class=\"elementor-section elementor-inner-section elementor-element elementor-element-e1deaba elementor-section-boxed elementor-section-height-default elementor-section-height-default\" data-id=\"e1deaba\" data-element_type=\"section\" data-e-type=\"section\">\n\t\t\t\t\t\t<div class=\"elementor-container elementor-column-gap-default\">\n\t\t\t\t\t<div class=\"elementor-column elementor-col-50 elementor-inner-column elementor-element elementor-element-56341e0\" data-id=\"56341e0\" data-element_type=\"column\" data-e-type=\"column\">\n\t\t\t<div class=\"elementor-widget-wrap elementor-element-populated\">\n\t\t\t\t\t\t<div class=\"elementor-element elementor-element-bc14bac elementor-widget elementor-widget-image\" data-id=\"bc14bac\" data-element_type=\"widget\" data-e-type=\"widget\" data-widget_type=\"image.default\">\n\t\t\t\t<div class=\"elementor-widget-container\">\n\t\t\t\t\t\t\t\t\t\t\t\t\t\t\t<img fetchpriority=\"high\" decoding=\"async\" width=\"1000\" height=\"748\" src=\"https:\/\/etys.es\/wp-content\/uploads\/2023\/06\/patrocinadores.png\" class=\"attachment-large size-large wp-image-2562\" alt=\"\" srcset=\"https:\/\/etys.es\/wp-content\/uploads\/2023\/06\/patrocinadores.png 1000w, https:\/\/etys.es\/wp-content\/uploads\/2023\/06\/patrocinadores-300x224.png 300w, https:\/\/etys.es\/wp-content\/uploads\/2023\/06\/patrocinadores-768x574.png 768w\" sizes=\"(max-width: 1000px) 100vw, 1000px\" \/>\t\t\t\t\t\t\t\t\t\t\t\t\t\t\t<\/div>\n\t\t\t\t<\/div>\n\t\t\t\t\t<\/div>\n\t\t<\/div>\n\t\t\t\t<div class=\"elementor-column elementor-col-50 elementor-inner-column elementor-element elementor-element-70931b3\" data-id=\"70931b3\" data-element_type=\"column\" data-e-type=\"column\">\n\t\t\t<div class=\"elementor-widget-wrap elementor-element-populated\">\n\t\t\t\t\t\t<div class=\"elementor-element elementor-element-7c25a05 elementor-widget elementor-widget-text-editor\" data-id=\"7c25a05\" data-element_type=\"widget\" data-e-type=\"widget\" data-widget_type=\"text-editor.default\">\n\t\t\t\t<div class=\"elementor-widget-container\">\n\t\t\t\t\t\t\t\t\t<h6>\u00a0<\/h6><h6>Lo acompa\u00f1amos en su trayectoria desde sus comienzos con el nombre Ariston Thermo Group hasta d\u00eda de hoy.<\/h6><h5>\u00a0<\/h5>\t\t\t\t\t\t\t\t<\/div>\n\t\t\t\t<\/div>\n\t\t\t\t\t<\/div>\n\t\t<\/div>\n\t\t\t\t\t<\/div>\n\t\t<\/section>\n\t\t\t\t\t<\/div>\n\t\t<\/div>\n\t\t\t\t\t<\/div>\n\t\t<\/section>\n\t\t\t\t<section class=\"elementor-section elementor-top-section elementor-element elementor-element-15ddc7f elementor-section-boxed elementor-section-height-default elementor-section-height-default\" data-id=\"15ddc7f\" data-element_type=\"section\" data-e-type=\"section\">\n\t\t\t\t\t\t<div class=\"elementor-container elementor-column-gap-default\">\n\t\t\t\t\t<div class=\"elementor-column elementor-col-50 elementor-top-column elementor-element elementor-element-b7c4101\" data-id=\"b7c4101\" data-element_type=\"column\" data-e-type=\"column\">\n\t\t\t<div class=\"elementor-widget-wrap elementor-element-populated\">\n\t\t\t\t\t\t<div class=\"elementor-element elementor-element-d2fab5a elementor-widget elementor-widget-text-editor\" data-id=\"d2fab5a\" data-element_type=\"widget\" data-e-type=\"widget\" data-widget_type=\"text-editor.default\">\n\t\t\t\t<div class=\"elementor-widget-container\">\n\t\t\t\t\t\t\t\t\t<h6>\u00a0<\/h6><h6>Con cuatro a\u00f1os se inici\u00f3 en la moto y a los seis, Alonso Garc\u00eda nacido el 20 de Abril del 2011 , empez\u00f3 a competir desde que tubo la edad m\u00ednima permitida.<\/h6>\t\t\t\t\t\t\t\t<\/div>\n\t\t\t\t<\/div>\n\t\t\t\t\t<\/div>\n\t\t<\/div>\n\t\t\t\t<div class=\"elementor-column elementor-col-50 elementor-top-column elementor-element elementor-element-4180b4f\" data-id=\"4180b4f\" data-element_type=\"column\" data-e-type=\"column\">\n\t\t\t<div class=\"elementor-widget-wrap elementor-element-populated\">\n\t\t\t\t\t\t<div class=\"elementor-element elementor-element-5d96f63 elementor-widget elementor-widget-image\" data-id=\"5d96f63\" data-element_type=\"widget\" data-e-type=\"widget\" data-widget_type=\"image.default\">\n\t\t\t\t<div class=\"elementor-widget-container\">\n\t\t\t\t\t\t\t\t\t\t\t\t\t\t\t<img decoding=\"async\" width=\"400\" height=\"250\" src=\"https:\/\/etys.es\/wp-content\/uploads\/2023\/06\/Alonso-184-400x250.png\" class=\"attachment-multilen-case-thumb size-multilen-case-thumb wp-image-2566\" alt=\"\" \/>\t\t\t\t\t\t\t\t\t\t\t\t\t\t\t<\/div>\n\t\t\t\t<\/div>\n\t\t\t\t\t<\/div>\n\t\t<\/div>\n\t\t\t\t\t<\/div>\n\t\t<\/section>\n\t\t\t\t<section class=\"elementor-section elementor-top-section elementor-element elementor-element-6017fb9 elementor-section-boxed elementor-section-height-default elementor-section-height-default\" data-id=\"6017fb9\" data-element_type=\"section\" data-e-type=\"section\">\n\t\t\t\t\t\t<div class=\"elementor-container elementor-column-gap-default\">\n\t\t\t\t\t<div class=\"elementor-column elementor-col-50 elementor-top-column elementor-element elementor-element-05a7a64\" data-id=\"05a7a64\" data-element_type=\"column\" data-e-type=\"column\">\n\t\t\t<div class=\"elementor-widget-wrap elementor-element-populated\">\n\t\t\t\t\t\t<div class=\"elementor-element elementor-element-4993e1d elementor-widget elementor-widget-text-editor\" data-id=\"4993e1d\" data-element_type=\"widget\" data-e-type=\"widget\" data-widget_type=\"text-editor.default\">\n\t\t\t\t<div class=\"elementor-widget-container\">\n\t\t\t\t\t\t\t\t\t<h6>\u00a0<\/h6><h6>El joven piloto ha tenido un amplio seguimiento por parte de medios locales como:<\/h6><h6>-Lanza<\/h6><h6>-La Tribuna de Ciudad Real<\/h6><h6>Aqu\u00ed podremos verlo en sus respectivas plataformas:<\/h6>\t\t\t\t\t\t\t\t<\/div>\n\t\t\t\t<\/div>\n\t\t\t\t\t<\/div>\n\t\t<\/div>\n\t\t\t\t<div class=\"elementor-column elementor-col-50 elementor-top-column elementor-element elementor-element-5b6c994\" data-id=\"5b6c994\" data-element_type=\"column\" data-e-type=\"column\">\n\t\t\t<div class=\"elementor-widget-wrap elementor-element-populated\">\n\t\t\t\t\t\t<div class=\"elementor-element elementor-element-c3e38c8 elementor-widget elementor-widget-image\" data-id=\"c3e38c8\" data-element_type=\"widget\" data-e-type=\"widget\" data-widget_type=\"image.default\">\n\t\t\t\t<div class=\"elementor-widget-container\">\n\t\t\t\t\t\t\t\t\t\t\t\t\t\t\t<img decoding=\"async\" width=\"400\" height=\"250\" src=\"https:\/\/etys.es\/wp-content\/uploads\/2023\/06\/moto_2023-400x250.webp\" class=\"attachment-multilen-case-thumb size-multilen-case-thumb wp-image-2568\" alt=\"\" \/>\t\t\t\t\t\t\t\t\t\t\t\t\t\t\t<\/div>\n\t\t\t\t<\/div>\n\t\t\t\t\t<\/div>\n\t\t<\/div>\n\t\t\t\t\t<\/div>\n\t\t<\/section>\n\t\t\t\t<section class=\"elementor-section elementor-top-section elementor-element elementor-element-5ed0936 elementor-section-boxed elementor-section-height-default elementor-section-height-default\" data-id=\"5ed0936\" data-element_type=\"section\" data-e-type=\"section\">\n\t\t\t\t\t\t<div class=\"elementor-container elementor-column-gap-default\">\n\t\t\t\t\t<div class=\"elementor-column elementor-col-100 elementor-top-column elementor-element elementor-element-a1790d5\" data-id=\"a1790d5\" data-element_type=\"column\" data-e-type=\"column\">\n\t\t\t<div class=\"elementor-widget-wrap elementor-element-populated\">\n\t\t\t\t\t\t<div class=\"elementor-element elementor-element-fc81a2a elementor-widget elementor-widget-text-editor\" data-id=\"fc81a2a\" data-element_type=\"widget\" data-e-type=\"widget\" data-widget_type=\"text-editor.default\">\n\t\t\t\t<div class=\"elementor-widget-container\">\n\t\t\t\t\t\t\t\t\t<p><a href=\"https:\/\/www.lanzadigital.com\/tag\/alonso-garcia\/\">https:\/\/www.lanzadigital.com\/tag\/alonso-garcia\/<\/a><\/p><p>\u00a0<\/p><p><a href=\"https:\/\/www.latribunadeciudadreal.es\/noticia\/zdb34679c-e12f-bfad-778747f5164d218e\/202306\/alonso-garcia-ultima-su-recuperacion\">https:\/\/www.latribunadeciudadreal.es\/noticia\/zdb34679c-e12f-bfad-778747f5164d218e\/202306\/alonso-garcia-ultima-su-recuperacion<\/a><\/p>\t\t\t\t\t\t\t\t<\/div>\n\t\t\t\t<\/div>\n\t\t\t\t\t<\/div>\n\t\t<\/div>\n\t\t\t\t\t<\/div>\n\t\t<\/section>\n\t\t\t\t<section class=\"elementor-section elementor-top-section elementor-element elementor-element-c4e30cb elementor-section-boxed elementor-section-height-default elementor-section-height-default\" data-id=\"c4e30cb\" data-element_type=\"section\" data-e-type=\"section\">\n\t\t\t\t\t\t<div class=\"elementor-container elementor-column-gap-default\">\n\t\t\t\t\t<div class=\"elementor-column elementor-col-100 elementor-top-column elementor-element elementor-element-714c319\" data-id=\"714c319\" data-element_type=\"column\" data-e-type=\"column\">\n\t\t\t<div class=\"elementor-widget-wrap elementor-element-populated\">\n\t\t\t\t\t\t<div class=\"elementor-element elementor-element-b5ba634 elementor-widget elementor-widget-heading\" data-id=\"b5ba634\" data-element_type=\"widget\" data-e-type=\"widget\" data-widget_type=\"heading.default\">\n\t\t\t\t<div class=\"elementor-widget-container\">\n\t\t\t\t\t<h2 class=\"elementor-heading-title elementor-size-default\"><br>Aqu\u00ed algunos v\u00eddeos del joven piloto.<\/h2>\t\t\t\t<\/div>\n\t\t\t\t<\/div>\n\t\t\t\t\t<\/div>\n\t\t<\/div>\n\t\t\t\t\t<\/div>\n\t\t<\/section>\n\t\t\t\t<section class=\"elementor-section elementor-top-section elementor-element elementor-element-b210ece elementor-section-boxed elementor-section-height-default elementor-section-height-default\" data-id=\"b210ece\" data-element_type=\"section\" data-e-type=\"section\">\n\t\t\t\t\t\t<div class=\"elementor-container elementor-column-gap-default\">\n\t\t\t\t\t<div class=\"elementor-column elementor-col-100 elementor-top-column elementor-element elementor-element-f200554\" data-id=\"f200554\" data-element_type=\"column\" data-e-type=\"column\">\n\t\t\t<div class=\"elementor-widget-wrap elementor-element-populated\">\n\t\t\t\t\t\t<div class=\"elementor-element elementor-element-21665c5 elementor-widget elementor-widget-video\" data-id=\"21665c5\" data-element_type=\"widget\" data-e-type=\"widget\" data-settings=\"{&quot;youtube_url&quot;:&quot;https:\\\/\\\/youtu.be\\\/e7LFwvTLyw8&quot;,&quot;video_type&quot;:&quot;youtube&quot;,&quot;controls&quot;:&quot;yes&quot;}\" data-widget_type=\"video.default\">\n\t\t\t\t<div class=\"elementor-widget-container\">\n\t\t\t\t\t\t\t<div class=\"elementor-wrapper elementor-open-inline\">\n\t\t\t<div class=\"elementor-video\"><\/div>\t\t<\/div>\n\t\t\t\t\t\t<\/div>\n\t\t\t\t<\/div>\n\t\t\t\t\t<\/div>\n\t\t<\/div>\n\t\t\t\t\t<\/div>\n\t\t<\/section>\n\t\t\t\t<section class=\"elementor-section elementor-top-section elementor-element elementor-element-e721505 elementor-section-boxed elementor-section-height-default elementor-section-height-default\" data-id=\"e721505\" data-element_type=\"section\" data-e-type=\"section\">\n\t\t\t\t\t\t<div class=\"elementor-container elementor-column-gap-default\">\n\t\t\t\t\t<div class=\"elementor-column elementor-col-100 elementor-top-column elementor-element elementor-element-cde491c\" data-id=\"cde491c\" data-element_type=\"column\" data-e-type=\"column\">\n\t\t\t<div class=\"elementor-widget-wrap elementor-element-populated\">\n\t\t\t\t\t\t<div class=\"elementor-element elementor-element-aac1a49 elementor-widget elementor-widget-video\" data-id=\"aac1a49\" data-element_type=\"widget\" data-e-type=\"widget\" data-settings=\"{&quot;youtube_url&quot;:&quot;https:\\\/\\\/youtu.be\\\/EN1gYvRT9hU&quot;,&quot;video_type&quot;:&quot;youtube&quot;,&quot;controls&quot;:&quot;yes&quot;}\" data-widget_type=\"video.default\">\n\t\t\t\t<div class=\"elementor-widget-container\">\n\t\t\t\t\t\t\t<div class=\"elementor-wrapper elementor-open-inline\">\n\t\t\t<div class=\"elementor-video\"><\/div>\t\t<\/div>\n\t\t\t\t\t\t<\/div>\n\t\t\t\t<\/div>\n\t\t\t\t\t<\/div>\n\t\t<\/div>\n\t\t\t\t\t<\/div>\n\t\t<\/section>\n\t\t\t\t<\/div>\n\t\t","protected":false},"excerpt":{"rendered":"<p>Etys, apuesta por la joven promesa del motor Alonso Garc\u00eda Altamirano, piloto ciudareale\u00f1o de Moto5, siendo su principal patrocinador. \u00a0 Lo acompa\u00f1amos en su trayectoria desde sus comienzos con el nombre Ariston Thermo Group hasta d\u00eda de hoy. \u00a0 \u00a0 Con cuatro a\u00f1os se inici\u00f3 en la moto y a los seis, Alonso Garc\u00eda nacido [&hellip;]<\/p>\n","protected":false},"author":1,"featured_media":0,"parent":0,"menu_order":0,"comment_status":"closed","ping_status":"closed","template":"","meta":{"footnotes":""},"class_list":["post-2556","page","type-page","status-publish","hentry"],"yoast_head":"<!-- This site is optimized with the Yoast SEO plugin v26.9 - https:\/\/yoast.com\/product\/yoast-seo-wordpress\/ -->\n<title>Patrocinio de Alonso Garc\u00eda - Etys<\/title>\n<meta name=\"description\" content=\"Empresa Mantenimiento e Instalaci\u00f3n Patrocinio de Alonso Garc\u00eda . Contacte hoy mismo y reciba presupuesto GRATIS.\" \/>\n<meta name=\"robots\" content=\"index, follow, max-snippet:-1, max-image-preview:large, max-video-preview:-1\" \/>\n<link rel=\"canonical\" href=\"https:\/\/etys.es\/index.php\/patrocinio-de-alonso-grarcia\/\" \/>\n<meta property=\"og:locale\" content=\"es_ES\" \/>\n<meta property=\"og:type\" content=\"article\" \/>\n<meta property=\"og:title\" content=\"Patrocinio de Alonso Garc\u00eda - Etys\" \/>\n<meta property=\"og:description\" content=\"Empresa Mantenimiento e Instalaci\u00f3n Patrocinio de Alonso Garc\u00eda . Contacte hoy mismo y reciba presupuesto GRATIS.\" \/>\n<meta property=\"og:url\" content=\"https:\/\/etys.es\/index.php\/patrocinio-de-alonso-grarcia\/\" \/>\n<meta property=\"og:site_name\" content=\"Etys\" \/>\n<meta property=\"article:publisher\" content=\"https:\/\/www.facebook.com\/profile.php?id=61556747036824\" \/>\n<meta property=\"article:modified_time\" content=\"2025-11-19T09:59:02+00:00\" \/>\n<meta property=\"og:image\" content=\"https:\/\/etys.es\/wp-content\/uploads\/2023\/06\/patrocinadores.png\" \/>\n\t<meta property=\"og:image:width\" content=\"1000\" \/>\n\t<meta property=\"og:image:height\" content=\"748\" \/>\n\t<meta property=\"og:image:type\" content=\"image\/png\" \/>\n<meta name=\"twitter:label1\" content=\"Tiempo de lectura\" \/>\n\t<meta name=\"twitter:data1\" content=\"1 minuto\" \/>\n<script type=\"application\/ld+json\" class=\"yoast-schema-graph\">{\"@context\":\"https:\/\/schema.org\",\"@graph\":[{\"@type\":\"WebPage\",\"@id\":\"https:\/\/etys.es\/index.php\/patrocinio-de-alonso-grarcia\/\",\"url\":\"https:\/\/etys.es\/index.php\/patrocinio-de-alonso-grarcia\/\",\"name\":\"Patrocinio de Alonso Garc\u00eda - Etys\",\"isPartOf\":{\"@id\":\"https:\/\/etys.es\/#website\"},\"primaryImageOfPage\":{\"@id\":\"https:\/\/etys.es\/index.php\/patrocinio-de-alonso-grarcia\/#primaryimage\"},\"image\":{\"@id\":\"https:\/\/etys.es\/index.php\/patrocinio-de-alonso-grarcia\/#primaryimage\"},\"thumbnailUrl\":\"https:\/\/etys.es\/wp-content\/uploads\/2023\/06\/patrocinadores.png\",\"datePublished\":\"2023-06-20T22:42:39+00:00\",\"dateModified\":\"2025-11-19T09:59:02+00:00\",\"description\":\"Empresa Mantenimiento e Instalaci\u00f3n Patrocinio de Alonso Garc\u00eda . Contacte hoy mismo y reciba presupuesto GRATIS.\",\"breadcrumb\":{\"@id\":\"https:\/\/etys.es\/index.php\/patrocinio-de-alonso-grarcia\/#breadcrumb\"},\"inLanguage\":\"es\",\"potentialAction\":[{\"@type\":\"ReadAction\",\"target\":[\"https:\/\/etys.es\/index.php\/patrocinio-de-alonso-grarcia\/\"]}]},{\"@type\":\"ImageObject\",\"inLanguage\":\"es\",\"@id\":\"https:\/\/etys.es\/index.php\/patrocinio-de-alonso-grarcia\/#primaryimage\",\"url\":\"https:\/\/etys.es\/wp-content\/uploads\/2023\/06\/patrocinadores.png\",\"contentUrl\":\"https:\/\/etys.es\/wp-content\/uploads\/2023\/06\/patrocinadores.png\",\"width\":1000,\"height\":748},{\"@type\":\"BreadcrumbList\",\"@id\":\"https:\/\/etys.es\/index.php\/patrocinio-de-alonso-grarcia\/#breadcrumb\",\"itemListElement\":[{\"@type\":\"ListItem\",\"position\":1,\"name\":\"Portada\",\"item\":\"https:\/\/etys.es\/\"},{\"@type\":\"ListItem\",\"position\":2,\"name\":\"Patrocinio de Alonso Garc\u00eda\"}]},{\"@type\":\"WebSite\",\"@id\":\"https:\/\/etys.es\/#website\",\"url\":\"https:\/\/etys.es\/\",\"name\":\"Etys Climatizaci\u00f3n Ciudad Real\",\"description\":\"Climatizaci\u00f3n Ciudad Real\",\"publisher\":{\"@id\":\"https:\/\/etys.es\/#organization\"},\"alternateName\":\"Etys Climatizaci\u00f3n Ciudad Real\",\"potentialAction\":[{\"@type\":\"SearchAction\",\"target\":{\"@type\":\"EntryPoint\",\"urlTemplate\":\"https:\/\/etys.es\/?s={search_term_string}\"},\"query-input\":{\"@type\":\"PropertyValueSpecification\",\"valueRequired\":true,\"valueName\":\"search_term_string\"}}],\"inLanguage\":\"es\"},{\"@type\":\"Organization\",\"@id\":\"https:\/\/etys.es\/#organization\",\"name\":\"Etys\",\"alternateName\":\"Etys Climatizaci\u00f3n Ciudad Real\",\"url\":\"https:\/\/etys.es\/\",\"logo\":{\"@type\":\"ImageObject\",\"inLanguage\":\"es\",\"@id\":\"https:\/\/etys.es\/#\/schema\/logo\/image\/\",\"url\":\"https:\/\/etys.es\/wp-content\/uploads\/2022\/12\/cropped-fab_ico-1.png\",\"contentUrl\":\"https:\/\/etys.es\/wp-content\/uploads\/2022\/12\/cropped-fab_ico-1.png\",\"width\":512,\"height\":512,\"caption\":\"Etys\"},\"image\":{\"@id\":\"https:\/\/etys.es\/#\/schema\/logo\/image\/\"},\"sameAs\":[\"https:\/\/www.facebook.com\/profile.php?id=61556747036824\",\"https:\/\/www.linkedin.com\/in\/pedro-perez-panadero-8840272a1\",\"https:\/\/www.instagram.com\/etysciudadreal\/\",\"https:\/\/www.youtube.com\/@Etys\"]}]}<\/script>\n<!-- \/ Yoast SEO plugin. -->","yoast_head_json":{"title":"Patrocinio de Alonso Garc\u00eda - Etys","description":"Empresa Mantenimiento e Instalaci\u00f3n Patrocinio de Alonso Garc\u00eda . Contacte hoy mismo y reciba presupuesto GRATIS.","robots":{"index":"index","follow":"follow","max-snippet":"max-snippet:-1","max-image-preview":"max-image-preview:large","max-video-preview":"max-video-preview:-1"},"canonical":"https:\/\/etys.es\/index.php\/patrocinio-de-alonso-grarcia\/","og_locale":"es_ES","og_type":"article","og_title":"Patrocinio de Alonso Garc\u00eda - Etys","og_description":"Empresa Mantenimiento e Instalaci\u00f3n Patrocinio de Alonso Garc\u00eda . Contacte hoy mismo y reciba presupuesto GRATIS.","og_url":"https:\/\/etys.es\/index.php\/patrocinio-de-alonso-grarcia\/","og_site_name":"Etys","article_publisher":"https:\/\/www.facebook.com\/profile.php?id=61556747036824","article_modified_time":"2025-11-19T09:59:02+00:00","og_image":[{"width":1000,"height":748,"url":"https:\/\/etys.es\/wp-content\/uploads\/2023\/06\/patrocinadores.png","type":"image\/png"}],"twitter_misc":{"Tiempo de lectura":"1 minuto"},"schema":{"@context":"https:\/\/schema.org","@graph":[{"@type":"WebPage","@id":"https:\/\/etys.es\/index.php\/patrocinio-de-alonso-grarcia\/","url":"https:\/\/etys.es\/index.php\/patrocinio-de-alonso-grarcia\/","name":"Patrocinio de Alonso Garc\u00eda - Etys","isPartOf":{"@id":"https:\/\/etys.es\/#website"},"primaryImageOfPage":{"@id":"https:\/\/etys.es\/index.php\/patrocinio-de-alonso-grarcia\/#primaryimage"},"image":{"@id":"https:\/\/etys.es\/index.php\/patrocinio-de-alonso-grarcia\/#primaryimage"},"thumbnailUrl":"https:\/\/etys.es\/wp-content\/uploads\/2023\/06\/patrocinadores.png","datePublished":"2023-06-20T22:42:39+00:00","dateModified":"2025-11-19T09:59:02+00:00","description":"Empresa Mantenimiento e Instalaci\u00f3n Patrocinio de Alonso Garc\u00eda . Contacte hoy mismo y reciba presupuesto GRATIS.","breadcrumb":{"@id":"https:\/\/etys.es\/index.php\/patrocinio-de-alonso-grarcia\/#breadcrumb"},"inLanguage":"es","potentialAction":[{"@type":"ReadAction","target":["https:\/\/etys.es\/index.php\/patrocinio-de-alonso-grarcia\/"]}]},{"@type":"ImageObject","inLanguage":"es","@id":"https:\/\/etys.es\/index.php\/patrocinio-de-alonso-grarcia\/#primaryimage","url":"https:\/\/etys.es\/wp-content\/uploads\/2023\/06\/patrocinadores.png","contentUrl":"https:\/\/etys.es\/wp-content\/uploads\/2023\/06\/patrocinadores.png","width":1000,"height":748},{"@type":"BreadcrumbList","@id":"https:\/\/etys.es\/index.php\/patrocinio-de-alonso-grarcia\/#breadcrumb","itemListElement":[{"@type":"ListItem","position":1,"name":"Portada","item":"https:\/\/etys.es\/"},{"@type":"ListItem","position":2,"name":"Patrocinio de Alonso Garc\u00eda"}]},{"@type":"WebSite","@id":"https:\/\/etys.es\/#website","url":"https:\/\/etys.es\/","name":"Etys Climatizaci\u00f3n Ciudad Real","description":"Climatizaci\u00f3n Ciudad Real","publisher":{"@id":"https:\/\/etys.es\/#organization"},"alternateName":"Etys Climatizaci\u00f3n Ciudad Real","potentialAction":[{"@type":"SearchAction","target":{"@type":"EntryPoint","urlTemplate":"https:\/\/etys.es\/?s={search_term_string}"},"query-input":{"@type":"PropertyValueSpecification","valueRequired":true,"valueName":"search_term_string"}}],"inLanguage":"es"},{"@type":"Organization","@id":"https:\/\/etys.es\/#organization","name":"Etys","alternateName":"Etys Climatizaci\u00f3n Ciudad Real","url":"https:\/\/etys.es\/","logo":{"@type":"ImageObject","inLanguage":"es","@id":"https:\/\/etys.es\/#\/schema\/logo\/image\/","url":"https:\/\/etys.es\/wp-content\/uploads\/2022\/12\/cropped-fab_ico-1.png","contentUrl":"https:\/\/etys.es\/wp-content\/uploads\/2022\/12\/cropped-fab_ico-1.png","width":512,"height":512,"caption":"Etys"},"image":{"@id":"https:\/\/etys.es\/#\/schema\/logo\/image\/"},"sameAs":["https:\/\/www.facebook.com\/profile.php?id=61556747036824","https:\/\/www.linkedin.com\/in\/pedro-perez-panadero-8840272a1","https:\/\/www.instagram.com\/etysciudadreal\/","https:\/\/www.youtube.com\/@Etys"]}]}},"_links":{"self":[{"href":"https:\/\/etys.es\/index.php\/wp-json\/wp\/v2\/pages\/2556","targetHints":{"allow":["GET"]}}],"collection":[{"href":"https:\/\/etys.es\/index.php\/wp-json\/wp\/v2\/pages"}],"about":[{"href":"https:\/\/etys.es\/index.php\/wp-json\/wp\/v2\/types\/page"}],"author":[{"embeddable":true,"href":"https:\/\/etys.es\/index.php\/wp-json\/wp\/v2\/users\/1"}],"replies":[{"embeddable":true,"href":"https:\/\/etys.es\/index.php\/wp-json\/wp\/v2\/comments?post=2556"}],"version-history":[{"count":34,"href":"https:\/\/etys.es\/index.php\/wp-json\/wp\/v2\/pages\/2556\/revisions"}],"predecessor-version":[{"id":3074,"href":"https:\/\/etys.es\/index.php\/wp-json\/wp\/v2\/pages\/2556\/revisions\/3074"}],"wp:attachment":[{"href":"https:\/\/etys.es\/index.php\/wp-json\/wp\/v2\/media?parent=2556"}],"curies":[{"name":"wp","href":"https:\/\/api.w.org\/{rel}","templated":true}]}}