{"id":1824,"date":"2022-11-09T16:05:03","date_gmt":"2022-11-09T16:05:03","guid":{"rendered":"https:\/\/etys.es\/index.php\/service-duplicada-7\/"},"modified":"2025-11-18T10:53:38","modified_gmt":"2025-11-18T10:53:38","slug":"renovacion-de-aire-ciudad-real","status":"publish","type":"page","link":"https:\/\/etys.es\/index.php\/renovacion-de-aire-ciudad-real\/","title":{"rendered":"Renovaci\u00f3n de Aire Ciudad Real"},"content":{"rendered":"\t\t<div data-elementor-type=\"wp-page\" data-elementor-id=\"1824\" class=\"elementor elementor-1824\">\n\t\t\t\t\t\t<section class=\"elementor-section elementor-top-section elementor-element elementor-element-450ff0c elementor-section-boxed elementor-section-height-default elementor-section-height-default\" data-id=\"450ff0c\" data-element_type=\"section\" data-e-type=\"section\">\n\t\t\t\t\t\t<div class=\"elementor-container elementor-column-gap-default\">\n\t\t\t\t\t<div class=\"elementor-column elementor-col-100 elementor-top-column elementor-element elementor-element-04dcbc6\" data-id=\"04dcbc6\" data-element_type=\"column\" data-e-type=\"column\">\n\t\t\t<div class=\"elementor-widget-wrap\">\n\t\t\t\t\t\t\t<\/div>\n\t\t<\/div>\n\t\t\t\t\t<\/div>\n\t\t<\/section>\n\t\t\t\t<section class=\"elementor-section elementor-top-section elementor-element elementor-element-8ccc636 elementor-section-boxed elementor-section-height-default elementor-section-height-default\" data-id=\"8ccc636\" data-element_type=\"section\" data-e-type=\"section\">\n\t\t\t\t\t\t<div class=\"elementor-container elementor-column-gap-default\">\n\t\t\t\t\t<div class=\"elementor-column elementor-col-100 elementor-top-column elementor-element elementor-element-8e8687e\" data-id=\"8e8687e\" data-element_type=\"column\" data-e-type=\"column\">\n\t\t\t<div class=\"elementor-widget-wrap elementor-element-populated\">\n\t\t\t\t\t\t<section class=\"elementor-section elementor-inner-section elementor-element elementor-element-3093f34 elementor-section-content-middle elementor-section-boxed elementor-section-height-default elementor-section-height-default\" data-id=\"3093f34\" data-element_type=\"section\" data-e-type=\"section\">\n\t\t\t\t\t\t<div class=\"elementor-container elementor-column-gap-no\">\n\t\t\t\t\t<div class=\"elementor-column elementor-col-50 elementor-inner-column elementor-element elementor-element-b575ea8\" data-id=\"b575ea8\" data-element_type=\"column\" data-e-type=\"column\">\n\t\t\t<div class=\"elementor-widget-wrap elementor-element-populated\">\n\t\t\t\t\t\t<div class=\"elementor-element elementor-element-649c9b9 elementor-widget elementor-widget-sectiontitle\" data-id=\"649c9b9\" data-element_type=\"widget\" data-e-type=\"widget\" data-widget_type=\"sectiontitle.default\">\n\t\t\t\t<div class=\"elementor-widget-container\">\n\t\t\t\t\t\r\n\t\t\t<div class=\"section-title t_left\">\r\n\t\t\t\t<div class=\"section-subtitle\">\r\n\t\t\t\t\t<h5>Aire<\/h5>\r\n\t\t\t\t<\/div>\r\n\t\t\t\t<h1>Renovado<\/h1>\r\n\t\t\t\t<p><\/p>\r\n\t\t\t<\/div>\r\n\r\n\t\t\t\t\t\t<\/div>\n\t\t\t\t<\/div>\n\t\t\t\t<div class=\"elementor-element elementor-element-e1d151f elementor-widget elementor-widget-heading\" data-id=\"e1d151f\" data-element_type=\"widget\" data-e-type=\"widget\" data-widget_type=\"heading.default\">\n\t\t\t\t<div class=\"elementor-widget-container\">\n\t\t\t\t\t<h2 class=\"elementor-heading-title elementor-size-default\"><span>Renovaci\u00f3n<\/span> ambiental, instalaciones para  <span>Hogar y Empresa<\/span><\/h2>\t\t\t\t<\/div>\n\t\t\t\t<\/div>\n\t\t\t\t\t<\/div>\n\t\t<\/div>\n\t\t\t\t<div class=\"elementor-column elementor-col-50 elementor-inner-column elementor-element elementor-element-6af2238\" data-id=\"6af2238\" data-element_type=\"column\" data-e-type=\"column\">\n\t\t\t<div class=\"elementor-widget-wrap elementor-element-populated\">\n\t\t\t\t\t\t<div class=\"elementor-element elementor-element-9522a99 elementor-widget elementor-widget-image\" data-id=\"9522a99\" data-element_type=\"widget\" data-e-type=\"widget\" data-widget_type=\"image.default\">\n\t\t\t\t<div class=\"elementor-widget-container\">\n\t\t\t\t\t\t\t\t\t\t\t\t\t\t\t<img fetchpriority=\"high\" decoding=\"async\" width=\"568\" height=\"228\" src=\"https:\/\/etys.es\/wp-content\/uploads\/2022\/12\/renovair00.png\" class=\"attachment-large size-large wp-image-2192\" alt=\"\" srcset=\"https:\/\/etys.es\/wp-content\/uploads\/2022\/12\/renovair00.png 568w, https:\/\/etys.es\/wp-content\/uploads\/2022\/12\/renovair00-300x120.png 300w\" sizes=\"(max-width: 568px) 100vw, 568px\" \/>\t\t\t\t\t\t\t\t\t\t\t\t\t\t\t<\/div>\n\t\t\t\t<\/div>\n\t\t\t\t\t<\/div>\n\t\t<\/div>\n\t\t\t\t\t<\/div>\n\t\t<\/section>\n\t\t\t\t<div class=\"elementor-element elementor-element-67f1c7f elementor-widget elementor-widget-text-editor\" data-id=\"67f1c7f\" data-element_type=\"widget\" data-e-type=\"widget\" data-widget_type=\"text-editor.default\">\n\t\t\t\t<div class=\"elementor-widget-container\">\n\t\t\t\t\t\t\t\t\t<p>La renovaci\u00f3n de aire en lugares cerrados, se realiza tanto para evitar la concentraci\u00f3n de microorganismos, aumenta los niveles de oxigeno, as\u00ed como reduce la cantidad de electricidad est\u00e1tica acumulada en espacios muy cerrados con instalaciones tecnol\u00f3gicas y materiales pl\u00e1sticos.<\/p>\n<p>Los sistemas de renovaci\u00f3n del aire asociados a la&nbsp;<a href=\"https:\/\/etys.es\/index.php\/aerotermia\/\" target=\"_blank\">aerotermia<\/a>, puede conseguir una recuperaci\u00f3n muy elevada del calor, reduciendo significativamente su consumo de energ\u00eda en calefacci\u00f3n.<\/p>\t\t\t\t\t\t\t\t<\/div>\n\t\t\t\t<\/div>\n\t\t\t\t\t<\/div>\n\t\t<\/div>\n\t\t\t\t\t<\/div>\n\t\t<\/section>\n\t\t\t\t<section class=\"elementor-section elementor-top-section elementor-element elementor-element-2208e31 elementor-section-boxed elementor-section-height-default elementor-section-height-default\" data-id=\"2208e31\" data-element_type=\"section\" data-e-type=\"section\" data-settings=\"{&quot;background_background&quot;:&quot;classic&quot;}\">\n\t\t\t\t\t\t<div class=\"elementor-container elementor-column-gap-default\">\n\t\t\t\t\t<div class=\"elementor-column elementor-col-100 elementor-top-column elementor-element elementor-element-293208b\" data-id=\"293208b\" data-element_type=\"column\" data-e-type=\"column\">\n\t\t\t<div class=\"elementor-widget-wrap elementor-element-populated\">\n\t\t\t\t\t\t<div class=\"elementor-element elementor-element-92fa606 elementor-widget elementor-widget-sectiontitle\" data-id=\"92fa606\" data-element_type=\"widget\" data-e-type=\"widget\" data-widget_type=\"sectiontitle.default\">\n\t\t\t\t<div class=\"elementor-widget-container\">\n\t\t\t\t\t\r\n\t\t\t<div class=\"section-title t_center\">\r\n\t\t\t\t<div class=\"section-subtitle\">\r\n\t\t\t\t\t<h5>Nuestras marcas<\/h5>\r\n\t\t\t\t<\/div>\r\n\t\t\t\t<h1>Calidad garantizada<\/h1>\r\n\t\t\t\t<p>Somos distribuidores y montadores de las mejores marcas del sector, instaladas por personal especializado.<\/p>\r\n\t\t\t<\/div>\r\n\r\n\t\t\t\t\t\t<\/div>\n\t\t\t\t<\/div>\n\t\t\t\t<section class=\"elementor-section elementor-inner-section elementor-element elementor-element-60ae057 elementor-section-boxed elementor-section-height-default elementor-section-height-default\" data-id=\"60ae057\" data-element_type=\"section\" data-e-type=\"section\">\n\t\t\t\t\t\t<div class=\"elementor-container elementor-column-gap-default\">\n\t\t\t\t\t<div class=\"elementor-column elementor-col-33 elementor-inner-column elementor-element elementor-element-16eabbd\" data-id=\"16eabbd\" data-element_type=\"column\" data-e-type=\"column\">\n\t\t\t<div class=\"elementor-widget-wrap elementor-element-populated\">\n\t\t\t\t\t\t<div class=\"elementor-element elementor-element-e9f0b9a elementor-widget elementor-widget-iconbox\" data-id=\"e9f0b9a\" data-element_type=\"widget\" data-e-type=\"widget\" data-widget_type=\"iconbox.default\">\n\t\t\t\t<div class=\"elementor-widget-container\">\n\t\t\t\t\t\n\t\t\n\t\t<div class=\"icon-box style-two\">\n\n\t\t\t<div class=\"icon-box-icon\">\n\n\t\t\t\t\t\t\t\t<div class=\"img-icon\">\n\t\t\t\t\t<img decoding=\"async\" src=\"https:\/\/etys.es\/wp-content\/uploads\/2022\/12\/siber00c_ico.png\" alt=\"\" \/>\n\t\t\t\t<\/div>\n\t\t\t\t\n\t\t\t<\/div>\n\n\t\t\t<div class=\"icon-box-content\">\n\t\t\t\t<div class=\"title\">\n\t\t\t\t\t<h2><\/h2>\n\t\t\t\t<\/div>\n\t\t\t\t<div class=\"description\">\n\t\t\t\t\t<p><\/p>\n\t\t\t\t<\/div>\n\t\t\t<\/div>\n\t\t<\/div>\n\t\t\n\t\t\n\t\t\t\t\t\t<\/div>\n\t\t\t\t<\/div>\n\t\t\t\t\t<\/div>\n\t\t<\/div>\n\t\t\t\t<div class=\"elementor-column elementor-col-33 elementor-inner-column elementor-element elementor-element-4ea2850\" data-id=\"4ea2850\" data-element_type=\"column\" data-e-type=\"column\">\n\t\t\t<div class=\"elementor-widget-wrap elementor-element-populated\">\n\t\t\t\t\t\t<div class=\"elementor-element elementor-element-0a70084 elementor-widget elementor-widget-iconbox\" data-id=\"0a70084\" data-element_type=\"widget\" data-e-type=\"widget\" data-widget_type=\"iconbox.default\">\n\t\t\t\t<div class=\"elementor-widget-container\">\n\t\t\t\t\t\n\t\t\n\t\t<div class=\"icon-box style-two\">\n\n\t\t\t<div class=\"icon-box-icon\">\n\n\t\t\t\t\t\t\t\t<div class=\"img-icon\">\n\t\t\t\t\t<img decoding=\"async\" src=\"https:\/\/etys.es\/wp-content\/uploads\/2022\/12\/zender00c_ico.png\" alt=\"\" \/>\n\t\t\t\t<\/div>\n\t\t\t\t\n\t\t\t<\/div>\n\n\t\t\t<div class=\"icon-box-content\">\n\t\t\t\t<div class=\"title\">\n\t\t\t\t\t<h2><\/h2>\n\t\t\t\t<\/div>\n\t\t\t\t<div class=\"description\">\n\t\t\t\t\t<p><\/p>\n\t\t\t\t<\/div>\n\t\t\t<\/div>\n\t\t<\/div>\n\t\t\n\t\t\n\t\t\t\t\t\t<\/div>\n\t\t\t\t<\/div>\n\t\t\t\t\t<\/div>\n\t\t<\/div>\n\t\t\t\t<div class=\"elementor-column elementor-col-33 elementor-inner-column elementor-element elementor-element-23858f1\" data-id=\"23858f1\" data-element_type=\"column\" data-e-type=\"column\">\n\t\t\t<div class=\"elementor-widget-wrap elementor-element-populated\">\n\t\t\t\t\t\t<div class=\"elementor-element elementor-element-72a9c73 elementor-widget elementor-widget-iconbox\" data-id=\"72a9c73\" data-element_type=\"widget\" data-e-type=\"widget\" data-widget_type=\"iconbox.default\">\n\t\t\t\t<div class=\"elementor-widget-container\">\n\t\t\t\t\t\n\t\t\n\t\t<div class=\"icon-box style-two\">\n\n\t\t\t<div class=\"icon-box-icon\">\n\n\t\t\t\t\t\t\t\t<div class=\"img-icon\">\n\t\t\t\t\t<img decoding=\"async\" src=\"https:\/\/etys.es\/wp-content\/uploads\/2022\/12\/wolf00c_ico.png\" alt=\"\" \/>\n\t\t\t\t<\/div>\n\t\t\t\t\n\t\t\t<\/div>\n\n\t\t\t<div class=\"icon-box-content\">\n\t\t\t\t<div class=\"title\">\n\t\t\t\t\t<h2><\/h2>\n\t\t\t\t<\/div>\n\t\t\t\t<div class=\"description\">\n\t\t\t\t\t<p><\/p>\n\t\t\t\t<\/div>\n\t\t\t<\/div>\n\t\t<\/div>\n\t\t\n\t\t\n\t\t\t\t\t\t<\/div>\n\t\t\t\t<\/div>\n\t\t\t\t\t<\/div>\n\t\t<\/div>\n\t\t\t\t\t<\/div>\n\t\t<\/section>\n\t\t\t\t<section class=\"elementor-section elementor-inner-section elementor-element elementor-element-5ec5bb9 elementor-section-boxed elementor-section-height-default elementor-section-height-default\" data-id=\"5ec5bb9\" data-element_type=\"section\" data-e-type=\"section\">\n\t\t\t\t\t\t<div class=\"elementor-container elementor-column-gap-default\">\n\t\t\t\t\t<div class=\"elementor-column elementor-col-33 elementor-inner-column elementor-element elementor-element-1772762\" data-id=\"1772762\" data-element_type=\"column\" data-e-type=\"column\">\n\t\t\t<div class=\"elementor-widget-wrap\">\n\t\t\t\t\t\t\t<\/div>\n\t\t<\/div>\n\t\t\t\t<div class=\"elementor-column elementor-col-33 elementor-inner-column elementor-element elementor-element-4e84886\" data-id=\"4e84886\" data-element_type=\"column\" data-e-type=\"column\">\n\t\t\t<div class=\"elementor-widget-wrap\">\n\t\t\t\t\t\t\t<\/div>\n\t\t<\/div>\n\t\t\t\t<div class=\"elementor-column elementor-col-33 elementor-inner-column elementor-element elementor-element-b665aea\" data-id=\"b665aea\" data-element_type=\"column\" data-e-type=\"column\">\n\t\t\t<div class=\"elementor-widget-wrap\">\n\t\t\t\t\t\t\t<\/div>\n\t\t<\/div>\n\t\t\t\t\t<\/div>\n\t\t<\/section>\n\t\t\t\t\t<\/div>\n\t\t<\/div>\n\t\t\t\t\t<\/div>\n\t\t<\/section>\n\t\t\t\t<section class=\"elementor-section elementor-top-section elementor-element elementor-element-0d69ef5 elementor-section-boxed elementor-section-height-default elementor-section-height-default\" data-id=\"0d69ef5\" data-element_type=\"section\" data-e-type=\"section\">\n\t\t\t\t\t\t<div class=\"elementor-container elementor-column-gap-default\">\n\t\t\t\t\t<div class=\"elementor-column elementor-col-100 elementor-top-column elementor-element elementor-element-5ff33c0\" data-id=\"5ff33c0\" data-element_type=\"column\" data-e-type=\"column\">\n\t\t\t<div class=\"elementor-widget-wrap elementor-element-populated\">\n\t\t\t\t\t\t<div class=\"elementor-element elementor-element-be8b1a1 elementor-widget elementor-widget-spacer\" data-id=\"be8b1a1\" data-element_type=\"widget\" data-e-type=\"widget\" data-widget_type=\"spacer.default\">\n\t\t\t\t<div class=\"elementor-widget-container\">\n\t\t\t\t\t\t\t<div class=\"elementor-spacer\">\n\t\t\t<div class=\"elementor-spacer-inner\"><\/div>\n\t\t<\/div>\n\t\t\t\t\t\t<\/div>\n\t\t\t\t<\/div>\n\t\t\t\t\t<\/div>\n\t\t<\/div>\n\t\t\t\t\t<\/div>\n\t\t<\/section>\n\t\t\t\t<section class=\"elementor-section elementor-top-section elementor-element elementor-element-84dabba elementor-section-boxed elementor-section-height-default elementor-section-height-default\" data-id=\"84dabba\" data-element_type=\"section\" data-e-type=\"section\">\n\t\t\t\t\t\t<div class=\"elementor-container elementor-column-gap-default\">\n\t\t\t\t\t<div class=\"elementor-column elementor-col-100 elementor-top-column elementor-element elementor-element-81d1f0e\" data-id=\"81d1f0e\" data-element_type=\"column\" data-e-type=\"column\">\n\t\t\t<div class=\"elementor-widget-wrap\">\n\t\t\t\t\t\t\t<\/div>\n\t\t<\/div>\n\t\t\t\t\t<\/div>\n\t\t<\/section>\n\t\t\t\t<section class=\"elementor-section elementor-top-section elementor-element elementor-element-dee1d14 call-action elementor-section-boxed elementor-section-height-default elementor-section-height-default\" data-id=\"dee1d14\" data-element_type=\"section\" data-e-type=\"section\">\n\t\t\t\t\t\t<div class=\"elementor-container elementor-column-gap-default\">\n\t\t\t\t\t<div class=\"elementor-column elementor-col-100 elementor-top-column elementor-element elementor-element-70bbbaa\" data-id=\"70bbbaa\" data-element_type=\"column\" data-e-type=\"column\">\n\t\t\t<div class=\"elementor-widget-wrap elementor-element-populated\">\n\t\t\t\t\t\t<section class=\"elementor-section elementor-inner-section elementor-element elementor-element-22554b1 elementor-section-content-middle elementor-section-boxed elementor-section-height-default elementor-section-height-default\" data-id=\"22554b1\" data-element_type=\"section\" data-e-type=\"section\" data-settings=\"{&quot;background_background&quot;:&quot;classic&quot;}\">\n\t\t\t\t\t\t\t<div class=\"elementor-background-overlay\"><\/div>\n\t\t\t\t\t\t\t<div class=\"elementor-container elementor-column-gap-default\">\n\t\t\t\t\t<div class=\"elementor-column elementor-col-50 elementor-inner-column elementor-element elementor-element-139cdc8\" data-id=\"139cdc8\" data-element_type=\"column\" data-e-type=\"column\">\n\t\t\t<div class=\"elementor-widget-wrap elementor-element-populated\">\n\t\t\t\t\t\t<div class=\"elementor-element elementor-element-db7079d elementor-widget elementor-widget-heading\" data-id=\"db7079d\" data-element_type=\"widget\" data-e-type=\"widget\" data-widget_type=\"heading.default\">\n\t\t\t\t<div class=\"elementor-widget-container\">\n\t\t\t\t\t<h2 class=\"elementor-heading-title elementor-size-default\">Quieres comenzar tu proyecto con nosotros?<\/h2>\t\t\t\t<\/div>\n\t\t\t\t<\/div>\n\t\t\t\t\t<\/div>\n\t\t<\/div>\n\t\t\t\t<div class=\"elementor-column elementor-col-50 elementor-inner-column elementor-element elementor-element-4e68390\" data-id=\"4e68390\" data-element_type=\"column\" data-e-type=\"column\">\n\t\t\t<div class=\"elementor-widget-wrap elementor-element-populated\">\n\t\t\t\t\t\t<div class=\"elementor-element elementor-element-e9487c5 elementor-align-center elementor-widget elementor-widget-button\" data-id=\"e9487c5\" data-element_type=\"widget\" data-e-type=\"widget\" data-widget_type=\"button.default\">\n\t\t\t\t<div class=\"elementor-widget-container\">\n\t\t\t\t\t\t\t\t\t<div class=\"elementor-button-wrapper\">\n\t\t\t\t\t<a class=\"elementor-button elementor-button-link elementor-size-sm\" href=\"https:\/\/etys.es\/index.php\/contacto\/\">\n\t\t\t\t\t\t<span class=\"elementor-button-content-wrapper\">\n\t\t\t\t\t\t\t\t\t<span class=\"elementor-button-text\">Contacta<\/span>\n\t\t\t\t\t<\/span>\n\t\t\t\t\t<\/a>\n\t\t\t\t<\/div>\n\t\t\t\t\t\t\t\t<\/div>\n\t\t\t\t<\/div>\n\t\t\t\t\t<\/div>\n\t\t<\/div>\n\t\t\t\t\t<\/div>\n\t\t<\/section>\n\t\t\t\t\t<\/div>\n\t\t<\/div>\n\t\t\t\t\t<\/div>\n\t\t<\/section>\n\t\t\t\t<\/div>\n\t\t","protected":false},"excerpt":{"rendered":"<p>Aire Renovado Renovaci\u00f3n ambiental, instalaciones para Hogar y Empresa La renovaci\u00f3n de aire en lugares cerrados, se realiza tanto para evitar la concentraci\u00f3n de microorganismos, aumenta los niveles de oxigeno, as\u00ed como reduce la cantidad de electricidad est\u00e1tica acumulada en espacios muy cerrados con instalaciones tecnol\u00f3gicas y materiales pl\u00e1sticos. Los sistemas de renovaci\u00f3n del aire [&hellip;]<\/p>\n","protected":false},"author":1,"featured_media":0,"parent":0,"menu_order":0,"comment_status":"closed","ping_status":"closed","template":"page-templates\/template-default.php","meta":{"footnotes":""},"class_list":["post-1824","page","type-page","status-publish","hentry"],"yoast_head":"<!-- This site is optimized with the Yoast SEO plugin v26.9 - https:\/\/yoast.com\/product\/yoast-seo-wordpress\/ -->\n<title>Renovaci\u00f3n de Aire Ciudad Real - Etys<\/title>\n<meta name=\"description\" content=\"Empresa Mantenimiento e Instalaci\u00f3n Renovaci\u00f3n de Aire Ciudad Real . Contacte hoy mismo y reciba presupuesto GRATIS.\" \/>\n<meta name=\"robots\" content=\"index, follow, max-snippet:-1, max-image-preview:large, max-video-preview:-1\" \/>\n<link rel=\"canonical\" href=\"https:\/\/etys.es\/index.php\/renovacion-de-aire-ciudad-real\/\" \/>\n<meta property=\"og:locale\" content=\"es_ES\" \/>\n<meta property=\"og:type\" content=\"article\" \/>\n<meta property=\"og:title\" content=\"Renovaci\u00f3n de Aire Ciudad Real - Etys\" \/>\n<meta property=\"og:description\" content=\"Empresa Mantenimiento e Instalaci\u00f3n Renovaci\u00f3n de Aire Ciudad Real . Contacte hoy mismo y reciba presupuesto GRATIS.\" \/>\n<meta property=\"og:url\" content=\"https:\/\/etys.es\/index.php\/renovacion-de-aire-ciudad-real\/\" \/>\n<meta property=\"og:site_name\" content=\"Etys\" \/>\n<meta property=\"article:publisher\" content=\"https:\/\/www.facebook.com\/profile.php?id=61556747036824\" \/>\n<meta property=\"article:modified_time\" content=\"2025-11-18T10:53:38+00:00\" \/>\n<meta property=\"og:image\" content=\"https:\/\/etys.es\/wp-content\/uploads\/2022\/12\/renovair00.png\" \/>\n\t<meta property=\"og:image:width\" content=\"568\" \/>\n\t<meta property=\"og:image:height\" content=\"228\" \/>\n\t<meta property=\"og:image:type\" content=\"image\/png\" \/>\n<meta name=\"twitter:label1\" content=\"Tiempo de lectura\" \/>\n\t<meta name=\"twitter:data1\" content=\"1 minuto\" \/>\n<script type=\"application\/ld+json\" class=\"yoast-schema-graph\">{\"@context\":\"https:\/\/schema.org\",\"@graph\":[{\"@type\":\"WebPage\",\"@id\":\"https:\/\/etys.es\/index.php\/renovacion-de-aire-ciudad-real\/\",\"url\":\"https:\/\/etys.es\/index.php\/renovacion-de-aire-ciudad-real\/\",\"name\":\"Renovaci\u00f3n de Aire Ciudad Real - Etys\",\"isPartOf\":{\"@id\":\"https:\/\/etys.es\/#website\"},\"primaryImageOfPage\":{\"@id\":\"https:\/\/etys.es\/index.php\/renovacion-de-aire-ciudad-real\/#primaryimage\"},\"image\":{\"@id\":\"https:\/\/etys.es\/index.php\/renovacion-de-aire-ciudad-real\/#primaryimage\"},\"thumbnailUrl\":\"https:\/\/etys.es\/wp-content\/uploads\/2022\/12\/renovair00.png\",\"datePublished\":\"2022-11-09T16:05:03+00:00\",\"dateModified\":\"2025-11-18T10:53:38+00:00\",\"description\":\"Empresa Mantenimiento e Instalaci\u00f3n Renovaci\u00f3n de Aire Ciudad Real . Contacte hoy mismo y reciba presupuesto GRATIS.\",\"breadcrumb\":{\"@id\":\"https:\/\/etys.es\/index.php\/renovacion-de-aire-ciudad-real\/#breadcrumb\"},\"inLanguage\":\"es\",\"potentialAction\":[{\"@type\":\"ReadAction\",\"target\":[\"https:\/\/etys.es\/index.php\/renovacion-de-aire-ciudad-real\/\"]}]},{\"@type\":\"ImageObject\",\"inLanguage\":\"es\",\"@id\":\"https:\/\/etys.es\/index.php\/renovacion-de-aire-ciudad-real\/#primaryimage\",\"url\":\"https:\/\/etys.es\/wp-content\/uploads\/2022\/12\/renovair00.png\",\"contentUrl\":\"https:\/\/etys.es\/wp-content\/uploads\/2022\/12\/renovair00.png\",\"width\":568,\"height\":228},{\"@type\":\"BreadcrumbList\",\"@id\":\"https:\/\/etys.es\/index.php\/renovacion-de-aire-ciudad-real\/#breadcrumb\",\"itemListElement\":[{\"@type\":\"ListItem\",\"position\":1,\"name\":\"Portada\",\"item\":\"https:\/\/etys.es\/\"},{\"@type\":\"ListItem\",\"position\":2,\"name\":\"Renovaci\u00f3n de Aire Ciudad Real\"}]},{\"@type\":\"WebSite\",\"@id\":\"https:\/\/etys.es\/#website\",\"url\":\"https:\/\/etys.es\/\",\"name\":\"Etys Climatizaci\u00f3n Ciudad Real\",\"description\":\"Climatizaci\u00f3n Ciudad Real\",\"publisher\":{\"@id\":\"https:\/\/etys.es\/#organization\"},\"alternateName\":\"Etys Climatizaci\u00f3n Ciudad Real\",\"potentialAction\":[{\"@type\":\"SearchAction\",\"target\":{\"@type\":\"EntryPoint\",\"urlTemplate\":\"https:\/\/etys.es\/?s={search_term_string}\"},\"query-input\":{\"@type\":\"PropertyValueSpecification\",\"valueRequired\":true,\"valueName\":\"search_term_string\"}}],\"inLanguage\":\"es\"},{\"@type\":\"Organization\",\"@id\":\"https:\/\/etys.es\/#organization\",\"name\":\"Etys\",\"alternateName\":\"Etys Climatizaci\u00f3n Ciudad Real\",\"url\":\"https:\/\/etys.es\/\",\"logo\":{\"@type\":\"ImageObject\",\"inLanguage\":\"es\",\"@id\":\"https:\/\/etys.es\/#\/schema\/logo\/image\/\",\"url\":\"https:\/\/etys.es\/wp-content\/uploads\/2022\/12\/cropped-fab_ico-1.png\",\"contentUrl\":\"https:\/\/etys.es\/wp-content\/uploads\/2022\/12\/cropped-fab_ico-1.png\",\"width\":512,\"height\":512,\"caption\":\"Etys\"},\"image\":{\"@id\":\"https:\/\/etys.es\/#\/schema\/logo\/image\/\"},\"sameAs\":[\"https:\/\/www.facebook.com\/profile.php?id=61556747036824\",\"https:\/\/www.linkedin.com\/in\/pedro-perez-panadero-8840272a1\",\"https:\/\/www.instagram.com\/etysciudadreal\/\",\"https:\/\/www.youtube.com\/@Etys\"]}]}<\/script>\n<!-- \/ Yoast SEO plugin. -->","yoast_head_json":{"title":"Renovaci\u00f3n de Aire Ciudad Real - Etys","description":"Empresa Mantenimiento e Instalaci\u00f3n Renovaci\u00f3n de Aire Ciudad Real . Contacte hoy mismo y reciba presupuesto GRATIS.","robots":{"index":"index","follow":"follow","max-snippet":"max-snippet:-1","max-image-preview":"max-image-preview:large","max-video-preview":"max-video-preview:-1"},"canonical":"https:\/\/etys.es\/index.php\/renovacion-de-aire-ciudad-real\/","og_locale":"es_ES","og_type":"article","og_title":"Renovaci\u00f3n de Aire Ciudad Real - Etys","og_description":"Empresa Mantenimiento e Instalaci\u00f3n Renovaci\u00f3n de Aire Ciudad Real . Contacte hoy mismo y reciba presupuesto GRATIS.","og_url":"https:\/\/etys.es\/index.php\/renovacion-de-aire-ciudad-real\/","og_site_name":"Etys","article_publisher":"https:\/\/www.facebook.com\/profile.php?id=61556747036824","article_modified_time":"2025-11-18T10:53:38+00:00","og_image":[{"width":568,"height":228,"url":"https:\/\/etys.es\/wp-content\/uploads\/2022\/12\/renovair00.png","type":"image\/png"}],"twitter_misc":{"Tiempo de lectura":"1 minuto"},"schema":{"@context":"https:\/\/schema.org","@graph":[{"@type":"WebPage","@id":"https:\/\/etys.es\/index.php\/renovacion-de-aire-ciudad-real\/","url":"https:\/\/etys.es\/index.php\/renovacion-de-aire-ciudad-real\/","name":"Renovaci\u00f3n de Aire Ciudad Real - Etys","isPartOf":{"@id":"https:\/\/etys.es\/#website"},"primaryImageOfPage":{"@id":"https:\/\/etys.es\/index.php\/renovacion-de-aire-ciudad-real\/#primaryimage"},"image":{"@id":"https:\/\/etys.es\/index.php\/renovacion-de-aire-ciudad-real\/#primaryimage"},"thumbnailUrl":"https:\/\/etys.es\/wp-content\/uploads\/2022\/12\/renovair00.png","datePublished":"2022-11-09T16:05:03+00:00","dateModified":"2025-11-18T10:53:38+00:00","description":"Empresa Mantenimiento e Instalaci\u00f3n Renovaci\u00f3n de Aire Ciudad Real . Contacte hoy mismo y reciba presupuesto GRATIS.","breadcrumb":{"@id":"https:\/\/etys.es\/index.php\/renovacion-de-aire-ciudad-real\/#breadcrumb"},"inLanguage":"es","potentialAction":[{"@type":"ReadAction","target":["https:\/\/etys.es\/index.php\/renovacion-de-aire-ciudad-real\/"]}]},{"@type":"ImageObject","inLanguage":"es","@id":"https:\/\/etys.es\/index.php\/renovacion-de-aire-ciudad-real\/#primaryimage","url":"https:\/\/etys.es\/wp-content\/uploads\/2022\/12\/renovair00.png","contentUrl":"https:\/\/etys.es\/wp-content\/uploads\/2022\/12\/renovair00.png","width":568,"height":228},{"@type":"BreadcrumbList","@id":"https:\/\/etys.es\/index.php\/renovacion-de-aire-ciudad-real\/#breadcrumb","itemListElement":[{"@type":"ListItem","position":1,"name":"Portada","item":"https:\/\/etys.es\/"},{"@type":"ListItem","position":2,"name":"Renovaci\u00f3n de Aire Ciudad Real"}]},{"@type":"WebSite","@id":"https:\/\/etys.es\/#website","url":"https:\/\/etys.es\/","name":"Etys Climatizaci\u00f3n Ciudad Real","description":"Climatizaci\u00f3n Ciudad Real","publisher":{"@id":"https:\/\/etys.es\/#organization"},"alternateName":"Etys Climatizaci\u00f3n Ciudad Real","potentialAction":[{"@type":"SearchAction","target":{"@type":"EntryPoint","urlTemplate":"https:\/\/etys.es\/?s={search_term_string}"},"query-input":{"@type":"PropertyValueSpecification","valueRequired":true,"valueName":"search_term_string"}}],"inLanguage":"es"},{"@type":"Organization","@id":"https:\/\/etys.es\/#organization","name":"Etys","alternateName":"Etys Climatizaci\u00f3n Ciudad Real","url":"https:\/\/etys.es\/","logo":{"@type":"ImageObject","inLanguage":"es","@id":"https:\/\/etys.es\/#\/schema\/logo\/image\/","url":"https:\/\/etys.es\/wp-content\/uploads\/2022\/12\/cropped-fab_ico-1.png","contentUrl":"https:\/\/etys.es\/wp-content\/uploads\/2022\/12\/cropped-fab_ico-1.png","width":512,"height":512,"caption":"Etys"},"image":{"@id":"https:\/\/etys.es\/#\/schema\/logo\/image\/"},"sameAs":["https:\/\/www.facebook.com\/profile.php?id=61556747036824","https:\/\/www.linkedin.com\/in\/pedro-perez-panadero-8840272a1","https:\/\/www.instagram.com\/etysciudadreal\/","https:\/\/www.youtube.com\/@Etys"]}]}},"_links":{"self":[{"href":"https:\/\/etys.es\/index.php\/wp-json\/wp\/v2\/pages\/1824","targetHints":{"allow":["GET"]}}],"collection":[{"href":"https:\/\/etys.es\/index.php\/wp-json\/wp\/v2\/pages"}],"about":[{"href":"https:\/\/etys.es\/index.php\/wp-json\/wp\/v2\/types\/page"}],"author":[{"embeddable":true,"href":"https:\/\/etys.es\/index.php\/wp-json\/wp\/v2\/users\/1"}],"replies":[{"embeddable":true,"href":"https:\/\/etys.es\/index.php\/wp-json\/wp\/v2\/comments?post=1824"}],"version-history":[{"count":53,"href":"https:\/\/etys.es\/index.php\/wp-json\/wp\/v2\/pages\/1824\/revisions"}],"predecessor-version":[{"id":3035,"href":"https:\/\/etys.es\/index.php\/wp-json\/wp\/v2\/pages\/1824\/revisions\/3035"}],"wp:attachment":[{"href":"https:\/\/etys.es\/index.php\/wp-json\/wp\/v2\/media?parent=1824"}],"curies":[{"name":"wp","href":"https:\/\/api.w.org\/{rel}","templated":true}]}}