{"id":1641,"date":"2022-12-20T08:04:27","date_gmt":"2022-12-20T08:04:27","guid":{"rendered":"http:\/\/localhost\/environment\/?page_id=3"},"modified":"2022-12-22T02:32:30","modified_gmt":"2022-12-22T02:32:30","slug":"politicas_privacidad","status":"publish","type":"page","link":"https:\/\/etys.es\/index.php\/politicas_privacidad\/","title":{"rendered":"Pol\u00edticas de privacidad."},"content":{"rendered":"\n<p><em><strong>Protecci\u00f3n de datos de car\u00e1cter personal seg\u00fan la LOPDDD<\/strong><\/em><\/p>\n\n\n\n<p><em>Etys S.L.<\/em> <em>, en aplicaci\u00f3n de la normativa vigente en materia de protecci\u00f3n de datos de car\u00e1cter personal, informa que los datos personales que se recogen a trav\u00e9s de los formularios del Sitio web: www.etys.es<\/em> <em>, se incluyen en los ficheros automatizados espec\u00edficos de usuarios de los servicios de <em>Etys S.L.<\/em><\/em><\/p>\n\n\n\n<p><em>La recogida y tratamiento automatizado de los datos de car\u00e1cter personal tiene como finalidad el mantenimiento de la relaci\u00f3n comercial y el desempe\u00f1o de tareas de informaci\u00f3n, formaci\u00f3n, asesoramiento y otras actividades propias de la actividad comercial y laboral de la empresa.<\/em><\/p>\n\n\n\n<p><em>Estos datos \u00fanicamente ser\u00e1n cedidos a aquellas entidades que sean necesarias con el \u00fanico objetivo de dar<\/em><br><em>cumplimiento a la finalidad anteriormente expuesta.<\/em><\/p>\n\n\n\n<p><em><em>Etys S.L.<\/em> adopta las medidas necesarias para garantizar la seguridad, integridad y confidencialidad de los datos conforme a lo dispuesto en el Reglamento (UE) 2016\/679 del Parlamento Europeo y del Consejo, de 27 de abril de 2016, relativo a la protecci\u00f3n de las personas f\u00edsicas en lo que respecta al tratamiento de datos personales y a la libre circulaci\u00f3n de los mismos.<\/em><\/p>\n\n\n\n<p><em>El usuario podr\u00e1 en cualquier momento ejercitar los derechos de acceso, oposici\u00f3n, rectificaci\u00f3n y cancelaci\u00f3n<\/em><br><em>reconocidos en el citado Reglamento (UE). El ejercicio de estos derechos puede realizarlo el propio usuario a trav\u00e9s de email a: _________________________________ o en la direcci\u00f3n:<\/em> C\/ Espino 17 13003 Ciudad Real (C. Real)<\/p>\n\n\n\n<p><em>El usuario manifiesta que todos los datos facilitados por \u00e9l son ciertos y correctos, y se compromete a mantenerlos<\/em><br><em>actualizados, comunicando los cambios a <em><em>Etys S.L.<\/em><\/em><\/em><\/p>\n\n\n\n<p><em><strong>Finalidad del tratamiento de los datos personales:<\/strong><\/em><\/p>\n\n\n\n<p><em>\u00bfCon qu\u00e9 finalidad trataremos tus datos personales?<\/em><br><em>En <em><em>Etys S.L.<\/em><\/em><\/em> <em>, trataremos tus datos personales recabados a trav\u00e9s del Sitio Web:<\/em><br><em>www.etys.es, con las siguientes finalidades:<\/em><\/p>\n\n\n\n<p><em>1. En caso de contrataci\u00f3n de los bienes y servicios ofertados a trav\u00e9s de www.etys.es, para<\/em><br><em>mantener la relaci\u00f3n contractual, as\u00ed como la gesti\u00f3n, administraci\u00f3n, informaci\u00f3n, prestaci\u00f3n y mejora del<\/em><br><em>servicio.<\/em><\/p>\n\n\n\n<p><em>2. Env\u00edo de informaci\u00f3n solicitada a trav\u00e9s de los formularios dispuestos en www.etys.es<\/em><br><em>3. Remitir boletines (newsletters), as\u00ed como comunicaciones comerciales de promociones y\/o publicidad de<\/em><br><em><em><em><em>Etys S.L<\/em><\/em><\/em><\/em>. <em>y del sector.<\/em><\/p>\n\n\n\n<p><em>Te recordamos que puedes oponerte al env\u00edo de comunicaciones comerciales por cualquier v\u00eda y en cualquier momento, remitiendo un correo electr\u00f3nico a la direcci\u00f3n indicada anteriormente.<\/em><\/p>\n\n\n\n<p><em>Los campos de dichos registros son de cumplimentaci\u00f3n obligatoria, siendo imposible realizar las finalidades expresadas si no se aportan esos datos.<\/em><\/p>\n\n\n\n<p><em><strong>\u00bfPor cu\u00e1nto tiempo se conservan los datos personales recabados?<\/strong><\/em><\/p>\n\n\n\n<p><em>Los datos personales proporcionados se conservar\u00e1n mientras se mantenga la relaci\u00f3n comercial o no solicites su<\/em><br><em>supresi\u00f3n y durante el plazo por el cu\u00e1l pudieran derivarse responsabilidades legales por los servicios prestados.<\/em><br><em>Legitimaci\u00f3n:<\/em><\/p>\n\n\n\n<p><em>El tratamiento de tus datos se realiza con las siguientes bases jur\u00eddicas que legitiman el mismo:<\/em><\/p>\n\n\n\n<p><em>1. La solicitud de informaci\u00f3n y\/o la contrataci\u00f3n de los servicios de <em><em><em>Etys S.L<\/em><\/em><\/em><\/em>. <em>, cuyos<\/em><br><em>t\u00e9rminos y condiciones se pondr\u00e1n a tu disposici\u00f3n en todo caso, de forma previa a una eventual contrataci\u00f3n.<\/em><\/p>\n\n\n\n<p><em>2. El consentimiento libre, espec\u00edfico, informado e inequ\u00edvoco, en tanto que te informamos poniendo a tu<\/em><br><em>disposici\u00f3n la presente pol\u00edtica de privacidad, que tras la lectura de la misma, en caso de estar conforme, puedes<\/em><br><em>aceptar mediante una declaraci\u00f3n o una clara acci\u00f3n afirmativa, como el marcado de una casilla dispuesta al<\/em><br><em>efecto.<\/em><\/p>\n\n\n\n<p><em>En caso de que no nos facilites tus datos o lo hagas de forma err\u00f3nea o incompleta, no podremos atender tu solicitud, resultando del todo imposible proporcionarte la informaci\u00f3n solicitada o llevar a cabo la contrataci\u00f3n de los servicios.<\/em><\/p>\n\n\n\n<p><em><strong>Destinatarios:<\/strong><\/em><\/p>\n\n\n\n<p><em>Los datos no se comunicar\u00e1n a ning\u00fan tercero ajeno a <em><em><em>Etys S.L<\/em><\/em><\/em><\/em>. <em>, salvo obligaci\u00f3n legal.<\/em><\/p>\n\n\n\n<p><em>Como encargados de tratamiento, tenemos contratados a los siguientes proveedores de servicios, habi\u00e9ndose<\/em> <em>comprometido al cumplimiento de las disposiciones normativas, de aplicaci\u00f3n en materia de protecci\u00f3n de datos, en el momento de su contrataci\u00f3n:<\/em><\/p>\n\n\n\n<p><em>\uf0b7 (ENCARGADO) ______________________________________________________, con domicilio en<\/em><br><em>___________________________________________, NIF\/CIF n\u00ba ________________________, presta servicios de ________________________________________ .<\/em><\/p>\n\n\n\n<p><em>\uf0a7 Puede consultar la pol\u00edtica de privacidad y dem\u00e1s aspectos legales de la compa\u00f1\u00eda en el siguiente<\/em><br><em>enlace: <a href=\"https:\/\/etys.es\/index.php\/politicas_privacidad\/\">https:\/\/etys.es\/index.php\/politicas_privacidad\/<\/a><\/em><\/p>\n\n\n\n<p><em>\uf0b7 (ENCARGADO) ____________________________________________, con domicilio en<\/em><br><em>____________________________________________, NIF\/CIF n\u00ba _________________________, presta servicios de ___________________________________________ .<\/em><\/p>\n\n\n\n<p><em>\uf0a7 Puede consultar la pol\u00edtica de privacidad y dem\u00e1s aspectos legales de la compa\u00f1\u00eda en el siguiente<\/em><br><em>enlace: <a href=\"https:\/\/etys.es\/index.php\/politicas_privacidad\/\">https:\/\/etys.es\/index.php\/politicas_privacidad\/<\/a><\/em><\/p>\n\n\n\n<p><em><strong>Datos recopilados por usuarios de los servicios<\/strong><\/em><\/p>\n\n\n\n<p><em>En los casos en que el usuario incluya ficheros con datos de car\u00e1cter personal en los servidores de alojamiento<\/em> <em>compartido, Etys S.L.<\/em> <em>no se hace responsable del incumplimiento por parte del usuario del RGPD.<\/em><\/p>\n\n\n\n<p><em><strong>Retenci\u00f3n de datos en conformidad a la LSSI<\/strong><\/em><\/p>\n\n\n\n<p><em>Etys S.L.<\/em> <em>informa de que, como prestador de servicio de alojamiento de datos y en virtud de lo establecido en la Ley 34\/2002 de 11 de julio de Servicios de la Sociedad de la Informaci\u00f3n y de Comercio Electr\u00f3nico (LSSI), retiene por un periodo m\u00e1ximo de 12 meses la informaci\u00f3n imprescindible para identificar el origen de los datos alojados y el momento en que se inici\u00f3 la prestaci\u00f3n del servicio. La retenci\u00f3n de estos datos no afecta al secreto de las comunicaciones y s\u00f3lo podr\u00e1n ser utilizados en el marco de una investigaci\u00f3n criminal o para la salvaguardia de la seguridad p\u00fablica, poni\u00e9ndose a disposici\u00f3n de los jueces y\/o tribunales o del Ministerio que as\u00ed los requiera.<\/em><\/p>\n\n\n\n<p><em>La comunicaci\u00f3n de datos a las Fuerzas y Cuerpos del Estado se har\u00e1 en virtud a lo dispuesto en la normativa sobre protecci\u00f3n de datos personales.<\/em><\/p>\n\n\n\n<p><em><strong>Derechos propiedad intelectual Etys S.L.<\/strong><\/em><\/p>\n\n\n\n<p><em>Etys S.L.<\/em> <em>es titular de todos los derechos de autor, propiedad intelectual, industrial, \u201cknow how\u201d y cuantos otros derechos guardan relaci\u00f3n con los contenidos del sitio web www.etys.es<\/em> <em>y los servicios ofertados en el mismo, as\u00ed como de los programas necesarios para su implementaci\u00f3n y la informaci\u00f3n relacionada.<\/em><\/p>\n\n\n\n<p><em>No se permite la reproducci\u00f3n, publicaci\u00f3n y\/o uso no estrictamente privado de los contenidos, totales o parciales, del sitio web www.etys.es<\/em> <em>sin el consentimiento previo y por escrito.<\/em><\/p>\n\n\n\n<p><em><strong>Propiedad intelectual del software<\/strong><\/em><\/p>\n\n\n\n<p><em>El usuario debe respetar los programas de terceros puestos a su disposici\u00f3n por www.etys.es<\/em> <em>, aun siendo gratuitos y\/o de disposici\u00f3n p\u00fablica.<\/em><\/p>\n\n\n\n<p><em>www.etys.es<\/em> <em>dispone de los derechos de explotaci\u00f3n y propiedad intelectual necesarios del software.<\/em><\/p>\n\n\n\n<p><em>El usuario no adquiere derecho alguno o licencia por el servicio contratado, sobre el software necesario para la prestaci\u00f3n del servicio, ni tampoco sobre la informaci\u00f3n t\u00e9cnica de seguimiento del servicio, excepci\u00f3n hecha de los derechos y licencias necesarios para el cumplimiento de los servicios contratados y \u00fanicamente durante la duraci\u00f3n de los mismos.<\/em><\/p>\n\n\n\n<p><em>Para toda actuaci\u00f3n que exceda del cumplimiento del contrato, el usuario necesitar\u00e1 autorizaci\u00f3n por escrito por parte de Etys S.L.<\/em> <em>, quedando prohibido al usuario acceder, modificar, visualizar la configuraci\u00f3n, estructura y ficheros de los servidores propiedad de Etys S.L.<\/em> <em>, asumiendo la responsabilidad civil y penal derivada de cualquier incidencia que se pudiera producir en los servidores y sistemas de seguridad como consecuencia directa de una actuaci\u00f3n negligente o maliciosa por su parte.<\/em><\/p>\n\n\n\n<p><em><strong>Propiedad intelectual de los contenidos alojados<\/strong><\/em><\/p>\n\n\n\n<p><em>Se proh\u00edbe el uso contrario a la legislaci\u00f3n sobre propiedad intelectual de los servicios prestados por<\/em><br><em>Etys S.L.<\/em> <em>y, en particular de:<\/em><\/p>\n\n\n\n<p><em>\u2022 La utilizaci\u00f3n que resulte contraria a las leyes espa\u00f1olas o que infrinja los derechos de terceros.<\/em><br><em>\u2022 La publicaci\u00f3n o la transmisi\u00f3n de cualquier contenido que, a juicio de Etys S.L.<\/em> <em>, resulte<\/em><br><em>violento, obsceno, abusivo, ilegal, racial, xen\u00f3fobo o difamatorio.<\/em><br><em>\u2022 Los cracks, n\u00fameros de serie de programas o cualquier otro contenido que vulnere derechos de la propiedad<\/em><br><em>intelectual de terceros.<\/em><br><em>\u2022 La recogida y\/o utilizaci\u00f3n de datos personales de otros usuarios sin su consentimiento expreso o contraviniendo<\/em><br><em>lo dispuesto en Reglamento (UE) 2016\/679 del Parlamento Europeo y del Consejo, de 27 de abril de 2016,<\/em><br><em>relativo a la protecci\u00f3n de las personas f\u00edsicas en lo que respecta al tratamiento de datos personales y a la libre<\/em><br><em>circulaci\u00f3n de los mismos.<\/em><br><em>\u2022 La utilizaci\u00f3n del servidor de correo del dominio y de las direcciones de correo electr\u00f3nico para el env\u00edo de<\/em><br><em>correo masivo no deseado.<\/em><\/p>\n\n\n\n<p><em>El usuario tiene toda la responsabilidad sobre el contenido de su web, la informaci\u00f3n transmitida y almacenada, los enlaces de hipertexto, las reivindicaciones de terceros y las acciones legales en referencia a propiedad intelectual,<\/em><\/p>\n\n\n\n<p><em><strong>Derechos de terceros y protecci\u00f3n de menores.<\/strong><\/em><\/p>\n\n\n\n<p><em>El usuario es responsable respecto a las leyes y reglamentos en vigor y las reglas que tienen que ver con el<\/em><br><em>funcionamiento del servicio online, comercio electr\u00f3nico, derechos de autor, mantenimiento del orden p\u00fablico, as\u00ed como principios universales de uso de Internet.<\/em><\/p>\n\n\n\n<p><em>El usuario indemnizar\u00e1 a Etys S.L.<\/em> <em>por los gastos que generara la imputaci\u00f3n de<\/em><br><em>www.etys.es<\/em> <em>en alguna causa cuya responsabilidad fuera atribuible al usuario, incluidos<\/em><br><em>honorarios y gastos de defensa jur\u00eddica, incluso en el caso de una decisi\u00f3n judicial no definitiva.<\/em><\/p>\n\n\n\n<p><em><strong>Protecci\u00f3n de la informaci\u00f3n alojada<\/strong><\/em><\/p>\n\n\n\n<p><em><em>Etys S.L.<\/em><\/em> <em>realiza copias de seguridad de los contenidos alojados en sus servidores, sin<\/em><br><em>embargo no se responsabiliza de la p\u00e9rdida o el borrado accidental de los datos por parte de los usuarios. De igual<\/em><br><em>manera, no garantiza la reposici\u00f3n total de los datos borrados por los usuarios, ya que los citados datos podr\u00edan haber sido suprimidos y\/o modificados durante el periodo del tiempo transcurrido desde la \u00faltima copia de seguridad.<\/em><\/p>\n\n\n\n<p><em>Los servicios ofertados, excepto los servicios espec\u00edficos de backup, no incluyen la reposici\u00f3n de los contenidos<\/em> <em>conservados en las copias de seguridad realizadas por <em>Etys S.L.<\/em><\/em> <em>, cuando esta p\u00e9rdida sea imputable al usuario; en este caso, se determinar\u00e1 una tarifa acorde a la complejidad y volumen de la recuperaci\u00f3n, siempre previa aceptaci\u00f3n del usuario.<\/em><\/p>\n\n\n\n<p><em>La reposici\u00f3n de datos borrados s\u00f3lo est\u00e1 incluida en el precio del servicio cuando la p\u00e9rdida del contenido sea debida a causas atribuibles a <em>Etys S.L.<\/em><\/em><\/p>\n\n\n\n<p><em><strong>Comunicaciones comerciales<\/strong><\/em><\/p>\n\n\n\n<p><em>En aplicaci\u00f3n de la LSSI. <em>Etys S.L.<\/em><\/em> <em>no enviar\u00e1 comunicaciones publicitarias o promocionales por correo electr\u00f3nico u otro medio de comunicaci\u00f3n electr\u00f3nica equivalente que previamente no hubieran sido solicitadas o expresamente autorizadas por los destinatarios de las mismas.<\/em><\/p>\n\n\n\n<p><em>En el caso de usuarios con los que exista una relaci\u00f3n contractual previa, <em>Etys S.L.<\/em><\/em> <em>s\u00ed est\u00e1 autorizado al env\u00edo de comunicaciones comerciales referentes a productos o servicios de<\/em> <em><em>Etys S.L.<\/em><\/em> <em>que sean similares a los que inicialmente fueron objeto de contrataci\u00f3n con el cliente.<\/em><\/p>\n\n\n\n<p><em>En todo caso, el usuario, tras acreditar su identidad, podr\u00e1 solicitar que no se le haga llegar m\u00e1s informaci\u00f3n comercial a trav\u00e9s de los canales de Atenci\u00f3n al Cliente.<\/em><\/p>\n","protected":false},"excerpt":{"rendered":"<p>Protecci\u00f3n de datos de car\u00e1cter personal seg\u00fan la LOPDDD Etys S.L. , en aplicaci\u00f3n de la normativa vigente en materia de protecci\u00f3n de datos de car\u00e1cter personal, informa que los datos personales que se recogen a trav\u00e9s de los formularios del Sitio web: www.etys.es , se incluyen en los ficheros automatizados espec\u00edficos de usuarios de [&hellip;]<\/p>\n","protected":false},"author":1,"featured_media":0,"parent":0,"menu_order":0,"comment_status":"closed","ping_status":"closed","template":"","meta":{"footnotes":""},"class_list":["post-1641","page","type-page","status-publish","hentry"],"yoast_head":"<!-- This site is optimized with the Yoast SEO plugin v26.9 - https:\/\/yoast.com\/product\/yoast-seo-wordpress\/ -->\n<title>Pol\u00edticas de privacidad. - Etys<\/title>\n<meta name=\"description\" content=\"Empresa Mantenimiento e Instalaci\u00f3n Pol\u00edticas de privacidad. . Contacte hoy mismo y reciba presupuesto GRATIS.\" \/>\n<meta name=\"robots\" content=\"index, follow, max-snippet:-1, max-image-preview:large, max-video-preview:-1\" \/>\n<link rel=\"canonical\" href=\"https:\/\/etys.es\/index.php\/politicas_privacidad\/\" \/>\n<meta property=\"og:locale\" content=\"es_ES\" \/>\n<meta property=\"og:type\" content=\"article\" \/>\n<meta property=\"og:title\" content=\"Pol\u00edticas de privacidad. - Etys\" \/>\n<meta property=\"og:description\" content=\"Empresa Mantenimiento e Instalaci\u00f3n Pol\u00edticas de privacidad. . Contacte hoy mismo y reciba presupuesto GRATIS.\" \/>\n<meta property=\"og:url\" content=\"https:\/\/etys.es\/index.php\/politicas_privacidad\/\" \/>\n<meta property=\"og:site_name\" content=\"Etys\" \/>\n<meta property=\"article:publisher\" content=\"https:\/\/www.facebook.com\/profile.php?id=61556747036824\" \/>\n<meta property=\"article:modified_time\" content=\"2022-12-22T02:32:30+00:00\" \/>\n<meta property=\"og:image\" content=\"https:\/\/etys.es\/wp-content\/uploads\/2022\/12\/fab_ico.png\" \/>\n\t<meta property=\"og:image:width\" content=\"512\" \/>\n\t<meta property=\"og:image:height\" content=\"512\" \/>\n\t<meta property=\"og:image:type\" content=\"image\/png\" \/>\n<meta name=\"twitter:label1\" content=\"Tiempo de lectura\" \/>\n\t<meta name=\"twitter:data1\" content=\"9 minutos\" \/>\n<script type=\"application\/ld+json\" class=\"yoast-schema-graph\">{\"@context\":\"https:\/\/schema.org\",\"@graph\":[{\"@type\":\"WebPage\",\"@id\":\"https:\/\/etys.es\/index.php\/politicas_privacidad\/\",\"url\":\"https:\/\/etys.es\/index.php\/politicas_privacidad\/\",\"name\":\"Pol\u00edticas de privacidad. - Etys\",\"isPartOf\":{\"@id\":\"https:\/\/etys.es\/#website\"},\"datePublished\":\"2022-12-20T08:04:27+00:00\",\"dateModified\":\"2022-12-22T02:32:30+00:00\",\"description\":\"Empresa Mantenimiento e Instalaci\u00f3n Pol\u00edticas de privacidad. . Contacte hoy mismo y reciba presupuesto GRATIS.\",\"breadcrumb\":{\"@id\":\"https:\/\/etys.es\/index.php\/politicas_privacidad\/#breadcrumb\"},\"inLanguage\":\"es\",\"potentialAction\":[{\"@type\":\"ReadAction\",\"target\":[\"https:\/\/etys.es\/index.php\/politicas_privacidad\/\"]}]},{\"@type\":\"BreadcrumbList\",\"@id\":\"https:\/\/etys.es\/index.php\/politicas_privacidad\/#breadcrumb\",\"itemListElement\":[{\"@type\":\"ListItem\",\"position\":1,\"name\":\"Portada\",\"item\":\"https:\/\/etys.es\/\"},{\"@type\":\"ListItem\",\"position\":2,\"name\":\"Pol\u00edticas de privacidad.\"}]},{\"@type\":\"WebSite\",\"@id\":\"https:\/\/etys.es\/#website\",\"url\":\"https:\/\/etys.es\/\",\"name\":\"Etys Climatizaci\u00f3n Ciudad Real\",\"description\":\"Climatizaci\u00f3n Ciudad Real\",\"publisher\":{\"@id\":\"https:\/\/etys.es\/#organization\"},\"alternateName\":\"Etys Climatizaci\u00f3n Ciudad Real\",\"potentialAction\":[{\"@type\":\"SearchAction\",\"target\":{\"@type\":\"EntryPoint\",\"urlTemplate\":\"https:\/\/etys.es\/?s={search_term_string}\"},\"query-input\":{\"@type\":\"PropertyValueSpecification\",\"valueRequired\":true,\"valueName\":\"search_term_string\"}}],\"inLanguage\":\"es\"},{\"@type\":\"Organization\",\"@id\":\"https:\/\/etys.es\/#organization\",\"name\":\"Etys\",\"alternateName\":\"Etys Climatizaci\u00f3n Ciudad Real\",\"url\":\"https:\/\/etys.es\/\",\"logo\":{\"@type\":\"ImageObject\",\"inLanguage\":\"es\",\"@id\":\"https:\/\/etys.es\/#\/schema\/logo\/image\/\",\"url\":\"https:\/\/etys.es\/wp-content\/uploads\/2022\/12\/cropped-fab_ico-1.png\",\"contentUrl\":\"https:\/\/etys.es\/wp-content\/uploads\/2022\/12\/cropped-fab_ico-1.png\",\"width\":512,\"height\":512,\"caption\":\"Etys\"},\"image\":{\"@id\":\"https:\/\/etys.es\/#\/schema\/logo\/image\/\"},\"sameAs\":[\"https:\/\/www.facebook.com\/profile.php?id=61556747036824\",\"https:\/\/www.linkedin.com\/in\/pedro-perez-panadero-8840272a1\",\"https:\/\/www.instagram.com\/etysciudadreal\/\",\"https:\/\/www.youtube.com\/@Etys\"]}]}<\/script>\n<!-- \/ Yoast SEO plugin. -->","yoast_head_json":{"title":"Pol\u00edticas de privacidad. - Etys","description":"Empresa Mantenimiento e Instalaci\u00f3n Pol\u00edticas de privacidad. . Contacte hoy mismo y reciba presupuesto GRATIS.","robots":{"index":"index","follow":"follow","max-snippet":"max-snippet:-1","max-image-preview":"max-image-preview:large","max-video-preview":"max-video-preview:-1"},"canonical":"https:\/\/etys.es\/index.php\/politicas_privacidad\/","og_locale":"es_ES","og_type":"article","og_title":"Pol\u00edticas de privacidad. - Etys","og_description":"Empresa Mantenimiento e Instalaci\u00f3n Pol\u00edticas de privacidad. . Contacte hoy mismo y reciba presupuesto GRATIS.","og_url":"https:\/\/etys.es\/index.php\/politicas_privacidad\/","og_site_name":"Etys","article_publisher":"https:\/\/www.facebook.com\/profile.php?id=61556747036824","article_modified_time":"2022-12-22T02:32:30+00:00","og_image":[{"width":512,"height":512,"url":"https:\/\/etys.es\/wp-content\/uploads\/2022\/12\/fab_ico.png","type":"image\/png"}],"twitter_misc":{"Tiempo de lectura":"9 minutos"},"schema":{"@context":"https:\/\/schema.org","@graph":[{"@type":"WebPage","@id":"https:\/\/etys.es\/index.php\/politicas_privacidad\/","url":"https:\/\/etys.es\/index.php\/politicas_privacidad\/","name":"Pol\u00edticas de privacidad. - Etys","isPartOf":{"@id":"https:\/\/etys.es\/#website"},"datePublished":"2022-12-20T08:04:27+00:00","dateModified":"2022-12-22T02:32:30+00:00","description":"Empresa Mantenimiento e Instalaci\u00f3n Pol\u00edticas de privacidad. . Contacte hoy mismo y reciba presupuesto GRATIS.","breadcrumb":{"@id":"https:\/\/etys.es\/index.php\/politicas_privacidad\/#breadcrumb"},"inLanguage":"es","potentialAction":[{"@type":"ReadAction","target":["https:\/\/etys.es\/index.php\/politicas_privacidad\/"]}]},{"@type":"BreadcrumbList","@id":"https:\/\/etys.es\/index.php\/politicas_privacidad\/#breadcrumb","itemListElement":[{"@type":"ListItem","position":1,"name":"Portada","item":"https:\/\/etys.es\/"},{"@type":"ListItem","position":2,"name":"Pol\u00edticas de privacidad."}]},{"@type":"WebSite","@id":"https:\/\/etys.es\/#website","url":"https:\/\/etys.es\/","name":"Etys Climatizaci\u00f3n Ciudad Real","description":"Climatizaci\u00f3n Ciudad Real","publisher":{"@id":"https:\/\/etys.es\/#organization"},"alternateName":"Etys Climatizaci\u00f3n Ciudad Real","potentialAction":[{"@type":"SearchAction","target":{"@type":"EntryPoint","urlTemplate":"https:\/\/etys.es\/?s={search_term_string}"},"query-input":{"@type":"PropertyValueSpecification","valueRequired":true,"valueName":"search_term_string"}}],"inLanguage":"es"},{"@type":"Organization","@id":"https:\/\/etys.es\/#organization","name":"Etys","alternateName":"Etys Climatizaci\u00f3n Ciudad Real","url":"https:\/\/etys.es\/","logo":{"@type":"ImageObject","inLanguage":"es","@id":"https:\/\/etys.es\/#\/schema\/logo\/image\/","url":"https:\/\/etys.es\/wp-content\/uploads\/2022\/12\/cropped-fab_ico-1.png","contentUrl":"https:\/\/etys.es\/wp-content\/uploads\/2022\/12\/cropped-fab_ico-1.png","width":512,"height":512,"caption":"Etys"},"image":{"@id":"https:\/\/etys.es\/#\/schema\/logo\/image\/"},"sameAs":["https:\/\/www.facebook.com\/profile.php?id=61556747036824","https:\/\/www.linkedin.com\/in\/pedro-perez-panadero-8840272a1","https:\/\/www.instagram.com\/etysciudadreal\/","https:\/\/www.youtube.com\/@Etys"]}]}},"_links":{"self":[{"href":"https:\/\/etys.es\/index.php\/wp-json\/wp\/v2\/pages\/1641","targetHints":{"allow":["GET"]}}],"collection":[{"href":"https:\/\/etys.es\/index.php\/wp-json\/wp\/v2\/pages"}],"about":[{"href":"https:\/\/etys.es\/index.php\/wp-json\/wp\/v2\/types\/page"}],"author":[{"embeddable":true,"href":"https:\/\/etys.es\/index.php\/wp-json\/wp\/v2\/users\/1"}],"replies":[{"embeddable":true,"href":"https:\/\/etys.es\/index.php\/wp-json\/wp\/v2\/comments?post=1641"}],"version-history":[{"count":2,"href":"https:\/\/etys.es\/index.php\/wp-json\/wp\/v2\/pages\/1641\/revisions"}],"predecessor-version":[{"id":2292,"href":"https:\/\/etys.es\/index.php\/wp-json\/wp\/v2\/pages\/1641\/revisions\/2292"}],"wp:attachment":[{"href":"https:\/\/etys.es\/index.php\/wp-json\/wp\/v2\/media?parent=1641"}],"curies":[{"name":"wp","href":"https:\/\/api.w.org\/{rel}","templated":true}]}}